{"id":208,"date":"2021-04-05T17:41:27","date_gmt":"2021-04-05T15:41:27","guid":{"rendered":"http:\/\/emf-mediation.de\/1552820241838\/?page_id=208"},"modified":"2022-01-16T18:23:45","modified_gmt":"2022-01-16T17:23:45","slug":"meine-gaben","status":"publish","type":"page","link":"https:\/\/emf-mediation.de\/1552820241838\/ueber-mich\/meine-gaben\/","title":{"rendered":"Meine Gaben"},"content":{"rendered":"<p>[vc_row][vc_column width=&#8221;1\/6&#8243; css=&#8221;.vc_custom_1617582974722{padding-top: 0px !important;padding-bottom: 0px !important;}&#8221;][\/vc_column][vc_column width=&#8221;2\/3&#8243;][vc_column_text]<\/p>\n<h1>Meine Gaben<\/h1>\n<p>Ich habe einen Zugang zu universellem Wissen, bin folglich hellwissend, habe Eingebungen und nehme bewusst feinstofflich wahr, sehe dadurch h\u00e4ufig Bilder, feinstoffliche Energien und auch Blockaden, erhalte L\u00f6sungshinweise und kommuniziere ganz nat\u00fcrlich telepathisch.<\/p>\n<p>Je mehr Raum, Offenheit, Bewusstsein ich diesen M\u00f6glichkeiten gebe, desto tiefer gehen die Informationen und desto reicher wird der Austausch.<\/p>\n<p>Mein recht breites Wissen verbunden mit meinen Erfahrungen sowie meine bewusste Anbindung an die Erde und den Kosmos sowie zur lichtvollen geistigen Welt unterst\u00fctzen mich bei meinem Wirken.<\/p>\n<p>Ich \u00f6ffne mein Herz f\u00fcr mein Gegen\u00fcber und schaue, was sich mir auf feinstofflicher Ebene zeigt, achte wohin mein Blick gelenkt wird und kommuniziere nat\u00fcrlich telepathisch mit meinem Gegen\u00fcber und bin offen f\u00fcr die lichtvollen Informationen, die ich erhalte. Ich h\u00f6ren sehr genau hin, was mein Gegen\u00fcber mir sagt, wo er steht, was er m\u00f6chte und kann durch das was und wie er es sagt, sowie durch meine feinstoffliche Wahrnehmung hier sehr gut spiegeln und damit noch mehr Bewusstsein schaffen und sehr h\u00e4ufig finden wir M\u00f6glichkeiten f\u00fcr n\u00e4chste Entwicklungsschritte.<\/p>\n<p>Sehr h\u00e4ufig sind es \u201ekleine Halbs\u00e4tze\u201c sowie ung\u00fcnstige Verkn\u00fcpfungen, die die Energie in die falsche Richtung lenken oder die einen sich stark beschr\u00e4nken lassen. Eine meiner Gaben ist es, aus all den Dingen, die Sie mir erz\u00e4hlen genau diesen einen \u201eHalbsatz\u201c oder das Wort herauszuh\u00f6ren, das Sie einschr\u00e4nkt und derzeit am Weiterkommen hindert.<\/p>\n<p>Ich spreche die Dinge an, die Sie gerade bewegen (bewusst oder unbewusst) und fasse sie so in Worte, schaffe so Direktheit, Offenheit und Klarheit. Dinge, die \u201eEtwas\u201c mit einem machen, weil wir gerade in Resonanz mit ihnen sind; spreche sie aus, damit Sie sie sich anschauen k\u00f6nnen, und entscheiden, wie Sie damit umgehen m\u00f6chten.<\/p>\n<p>Dabei komme ich meist sehr direkt auf den Punkt. Auf der einen Seite hei\u00dft das, dass ich sehr effektiv arbeite. Auf der anderen Seite hei\u00dft es auch, dass es sehr fordernd und f\u00f6rdernd sein kann. Da k\u00f6nnen ein paar Minuten ausreichen, damit Sie einige Wochen an und mit sich arbeiten k\u00f6nnen, bis Sie sich weitere Unterst\u00fctzung w\u00fcnschen. Das h\u00e4ngt nat\u00fcrlich dann auch von Ihrem Seelenplan und mit Ihrem irdischen Zeitplan zusammen, wie viel Sie in welcher Zeit erl\u00f6sen m\u00f6chten und was Sie sich f\u00fcr dieses Leben vorgenommen haben.[\/vc_column_text][\/vc_column][vc_column width=&#8221;1\/6&#8243; css=&#8221;.vc_custom_1623958508438{padding-top: 1em !important;background-color: #f5d530 !important;border-radius: 5px !important;}&#8221;][vc_wp_custommenu nav_menu=&#8221;4&#8243;][\/vc_column][\/vc_row][vc_row][vc_column][vc_single_image image=&#8221;734&#8243; img_size=&#8221;full&#8221; alignment=&#8221;center&#8221; css=&#8221;.vc_custom_1624479141595{margin-top: 5px !important;margin-bottom: 5px !important;}&#8221;][\/vc_column][\/vc_row]<\/p>\n","protected":false},"excerpt":{"rendered":"<p>[vc_row][vc_column width=&#8221;1\/6&#8243; css=&#8221;.vc_custom_1617582974722{padding-top: 0px !important;padding-bottom: 0px !important;}&#8221;][\/vc_column][vc_column width=&#8221;2\/3&#8243;][vc_column_text] Meine Gaben Ich habe einen Zugang zu universellem Wissen, bin folglich hellwissend, habe Eingebungen und nehme bewusst feinstofflich wahr, sehe dadurch h\u00e4ufig Bilder, feinstoffliche Energien und auch Blockaden, erhalte L\u00f6sungshinweise und kommuniziere ganz nat\u00fcrlich telepathisch. Je mehr Raum, Offenheit, Bewusstsein ich diesen M\u00f6glichkeiten gebe, desto tiefer gehen&hellip;<\/p>\n","protected":false},"author":1,"featured_media":0,"parent":34,"menu_order":1,"comment_status":"closed","ping_status":"closed","template":"","meta":[],"_links":{"self":[{"href":"https:\/\/emf-mediation.de\/1552820241838\/wp-json\/wp\/v2\/pages\/208"}],"collection":[{"href":"https:\/\/emf-mediation.de\/1552820241838\/wp-json\/wp\/v2\/pages"}],"about":[{"href":"https:\/\/emf-mediation.de\/1552820241838\/wp-json\/wp\/v2\/types\/page"}],"author":[{"embeddable":true,"href":"https:\/\/emf-mediation.de\/1552820241838\/wp-json\/wp\/v2\/users\/1"}],"replies":[{"embeddable":true,"href":"https:\/\/emf-mediation.de\/1552820241838\/wp-json\/wp\/v2\/comments?post=208"}],"version-history":[{"count":19,"href":"https:\/\/emf-mediation.de\/1552820241838\/wp-json\/wp\/v2\/pages\/208\/revisions"}],"predecessor-version":[{"id":786,"href":"https:\/\/emf-mediation.de\/1552820241838\/wp-json\/wp\/v2\/pages\/208\/revisions\/786"}],"up":[{"embeddable":true,"href":"https:\/\/emf-mediation.de\/1552820241838\/wp-json\/wp\/v2\/pages\/34"}],"wp:attachment":[{"href":"https:\/\/emf-mediation.de\/1552820241838\/wp-json\/wp\/v2\/media?parent=208"}],"curies":[{"name":"wp","href":"https:\/\/api.w.org\/{rel}","templated":true}]}}