{"id":234,"date":"2021-04-10T13:36:23","date_gmt":"2021-04-10T11:36:23","guid":{"rendered":"http:\/\/emf-mediation.de\/1552820241838\/?page_id=234"},"modified":"2022-01-16T18:12:29","modified_gmt":"2022-01-16T17:12:29","slug":"ein-buch","status":"publish","type":"page","link":"https:\/\/emf-mediation.de\/1552820241838\/visionen\/ein-buch\/","title":{"rendered":"Ein Buch"},"content":{"rendered":"<p>[vc_row][vc_column width=&#8221;1\/6&#8243;][\/vc_column][vc_column width=&#8221;2\/3&#8243;][vc_column_text]<\/p>\n<h1>Ein Buch<\/h1>\n<p>Mehrfach hatte ich schon den Impuls ein Buch \u00fcber mich zu schreiben, \u00fcber meine Erfahrungen, mein Leben, wie ich damit umgegangen bin, etc. Dieser Impuls kam sogar teilweise auch von au\u00dfen. Menschen, die mir sagten, ich solle das mitteilen, ich k\u00f6nne ein Buch schreiben, andere sollten daran teilhaben. Und auch von innen heraus hatte ich diesen Impuls. Ich notierte mir immer wieder viel, schrieb zeitweise Tagebuch, sammelte Informationen.<\/p>\n<p>Heute (10.04.2021) habe ich das Gef\u00fchl, dass ich selbst kein fertiges Buch erstellen m\u00f6chte \ud83d\ude09 Das ist mir zu viel \u201eFeinarbeit\u201c, die mir keine Freude bereitet.<\/p>\n<p>Wohl aber festigt sich der Impuls Menschen an meinem Leben, meinem Werdegang, meinen Erkenntnissen und Erfahrungen teilhaben zu lassen und so hat heute meine Homepage eine neue Ausrichtung erhalten.<\/p>\n<p>Mein Leben, der Sinn meines Lebens, der Mehrwert f\u00fcr die Menschheit wird mir klarer. Mehr dazu findet ihr im \u00dcber mich.<\/p>\n<p>Und ich muss das Buch ja nicht selbst schreiben und in Form bringen. Vielleicht stellt ja jemand anderes ein Buch aus meinen Texten und Informationen zusammen. Jemand, der Freude und Interesse und die irdischen M\u00f6glichkeiten hat, so etwas zu erstellen.<\/p>\n<p>Ich w\u00e4re nicht die erste Person, der es so ergeht.<\/p>\n<p>Und auch damit schaffen wir eine weitere M\u00f6glichkeit f\u00fcr eine Win-Win-Situation.[\/vc_column_text][\/vc_column][vc_column width=&#8221;1\/6&#8243; css=&#8221;.vc_custom_1623958702158{padding-top: 1em !important;background-color: #f5d530 !important;border-radius: 5px !important;}&#8221;][vc_wp_custommenu nav_menu=&#8221;5&#8243;][\/vc_column][\/vc_row][vc_row][vc_column][vc_single_image image=&#8221;734&#8243; img_size=&#8221;full&#8221; alignment=&#8221;center&#8221; css=&#8221;.vc_custom_1624478685644{margin-top: 5px !important;margin-bottom: 5px !important;}&#8221;][\/vc_column][\/vc_row]<\/p>\n","protected":false},"excerpt":{"rendered":"<p>[vc_row][vc_column width=&#8221;1\/6&#8243;][\/vc_column][vc_column width=&#8221;2\/3&#8243;][vc_column_text] Ein Buch Mehrfach hatte ich schon den Impuls ein Buch \u00fcber mich zu schreiben, \u00fcber meine Erfahrungen, mein Leben, wie ich damit umgegangen bin, etc. Dieser Impuls kam sogar teilweise auch von au\u00dfen. Menschen, die mir sagten, ich solle das mitteilen, ich k\u00f6nne ein Buch schreiben, andere sollten daran teilhaben. Und auch&hellip;<\/p>\n","protected":false},"author":1,"featured_media":0,"parent":78,"menu_order":5,"comment_status":"closed","ping_status":"closed","template":"","meta":[],"_links":{"self":[{"href":"https:\/\/emf-mediation.de\/1552820241838\/wp-json\/wp\/v2\/pages\/234"}],"collection":[{"href":"https:\/\/emf-mediation.de\/1552820241838\/wp-json\/wp\/v2\/pages"}],"about":[{"href":"https:\/\/emf-mediation.de\/1552820241838\/wp-json\/wp\/v2\/types\/page"}],"author":[{"embeddable":true,"href":"https:\/\/emf-mediation.de\/1552820241838\/wp-json\/wp\/v2\/users\/1"}],"replies":[{"embeddable":true,"href":"https:\/\/emf-mediation.de\/1552820241838\/wp-json\/wp\/v2\/comments?post=234"}],"version-history":[{"count":16,"href":"https:\/\/emf-mediation.de\/1552820241838\/wp-json\/wp\/v2\/pages\/234\/revisions"}],"predecessor-version":[{"id":793,"href":"https:\/\/emf-mediation.de\/1552820241838\/wp-json\/wp\/v2\/pages\/234\/revisions\/793"}],"up":[{"embeddable":true,"href":"https:\/\/emf-mediation.de\/1552820241838\/wp-json\/wp\/v2\/pages\/78"}],"wp:attachment":[{"href":"https:\/\/emf-mediation.de\/1552820241838\/wp-json\/wp\/v2\/media?parent=234"}],"curies":[{"name":"wp","href":"https:\/\/api.w.org\/{rel}","templated":true}]}}