{"id":238,"date":"2021-04-10T13:44:21","date_gmt":"2021-04-10T11:44:21","guid":{"rendered":"http:\/\/emf-mediation.de\/1552820241838\/?page_id=238"},"modified":"2022-01-16T18:10:53","modified_gmt":"2022-01-16T17:10:53","slug":"humusaufbau","status":"publish","type":"page","link":"https:\/\/emf-mediation.de\/1552820241838\/visionen\/humusaufbau\/","title":{"rendered":"Humusaufbau"},"content":{"rendered":"<p>[vc_row][vc_column width=&#8221;1\/6&#8243;][\/vc_column][vc_column width=&#8221;2\/3&#8243;][vc_column_text]<\/p>\n<h1>Humusaufbau<\/h1>\n<p>Ich besch\u00e4ftige mich mit dem Leben und mit dem, was das Leben f\u00f6rdert. Und so kam ich nat\u00fcrlich in Ber\u00fchrung mit dem Thema Humusaufbau, effektive Mikroorganismen, Rottef\u00f6rderung anstelle von F\u00e4ulnis, Auslaugen oder k\u00fcnstliches D\u00fcngen von B\u00f6den.<\/p>\n<p>In Verbindung mit meinem Wunsch auf selbst\u00e4ndiger Basis meinen Lebensunterhalt, ein kleines eigenes H\u00e4uschen in der Natur sowie meinen Traum eines Zentrums f\u00fcr ganzheitliches Reiten zu erwirtschaften, hatte ich bei einem Spaziergang 2020 eine Eingebung: Ich k\u00f6nnte die so kostenintensive Entsorgung von Sp\u00e4nemist aus Profireitst\u00e4llen mit Hilfe der Mikroorganismen zum Humusaufbau nutzen. Den Humusaufbau k\u00f6nnte man zus\u00e4tzlich durch CO2-Zertifikate finanziell verwerten und anschlie\u00dfend verkaufen.<\/p>\n<p>Dieses Konzept stellt eine Win-Win-Situation f\u00fcr viele (wenn nicht sogar alle) dar &#8230;<\/p>\n<p>Ich fing an zu recherchieren und die M\u00f6glichkeiten zu evaluieren. Das Konzept an sich ist durchaus umsetzbar; in der N\u00e4he von vielen Profist\u00e4llen (wie dem M\u00fcnsterland), da nur diese Sp\u00e4nemist in gr\u00f6\u00dferer Menge entsorgen m\u00fcssen.<\/p>\n<p>Um das Ganz jedoch gewerblich und gewinnbringend aufzuziehen, braucht man einen Ort f\u00fcr den Humusaufbau sowie entsprechende Ger\u00e4tschaften. Und nat\u00fcrlich bedarf es Zeit und ein intensives Besch\u00e4ftigen mit den Mikroorganismen bzw. Unterst\u00fctzung von jemandem, der sich sehr gut mit Mikroorganismen auskennt.<\/p>\n<p>Interessanterweise leben die Menschen, die sich in der Mitte Deutschlands wohl am Besten mit Mikoorganismen auskennen genau in der N\u00e4he von Bonn (meinem derzeitigen Wohnort) und durch meine fr\u00fcheren selbst\u00e4ndigen T\u00e4tigkeiten als SonoVet-Therapeutin habe ich auch einige Kontakte in die Profi-Springreiterszene.<\/p>\n<p>Letztendlich habe ich mich jedoch dagegen entschieden, dieses Konzept umzusetzen, da mir zum Einen das Startkapital fehlt, um so ein Projekt aufzubauen. Auf der anderen Seite habe ich gesp\u00fcrt, wie viel Zeit, Kraft, Besch\u00e4ftigung mit den einzelnen Aspekten und damit verbunden mein Fokus sowie Energie auf diesem Projekt liegen w\u00fcrden.<\/p>\n<p>Und wieder einmal war ich an dem Punkt, dass ich das alleine nicht so umsetzen m\u00f6chte, da es nicht meinem &#8220;Hauptlebensziel&#8221; entspricht.<\/p>\n<p>Nach wie vor bin ich davon \u00fcberzeugt, dass der gesunde Humusaufbau mit der Hilfe von Mikroorganismen und damit die Unterst\u00fctzung der Natur in ihrer lebensaufbauenden und lebensf\u00f6rdernden Energie durch unsere liebevolle Hinwendung einfach eine so so gute Sache ist, dass ich meine Vision hier teilen m\u00f6chte.<\/p>\n<p>M\u00f6gen viele Menschen im Kleinen wie auch im Gro\u00dfen davon inspiriert werden und die Natur aktiv beim Humusaufbau unterst\u00fctzen.[\/vc_column_text][\/vc_column][vc_column width=&#8221;1\/6&#8243; css=&#8221;.vc_custom_1623958625570{padding-top: 1em !important;background-color: #f5d530 !important;border-radius: 5px !important;}&#8221;][vc_wp_custommenu nav_menu=&#8221;5&#8243;][\/vc_column][\/vc_row][vc_row][vc_column][vc_single_image image=&#8221;734&#8243; img_size=&#8221;full&#8221; alignment=&#8221;center&#8221; css=&#8221;.vc_custom_1624478584624{margin-top: 5px !important;margin-bottom: 5px !important;}&#8221;][\/vc_column][\/vc_row]<\/p>\n","protected":false},"excerpt":{"rendered":"<p>[vc_row][vc_column width=&#8221;1\/6&#8243;][\/vc_column][vc_column width=&#8221;2\/3&#8243;][vc_column_text] Humusaufbau Ich besch\u00e4ftige mich mit dem Leben und mit dem, was das Leben f\u00f6rdert. Und so kam ich nat\u00fcrlich in Ber\u00fchrung mit dem Thema Humusaufbau, effektive Mikroorganismen, Rottef\u00f6rderung anstelle von F\u00e4ulnis, Auslaugen oder k\u00fcnstliches D\u00fcngen von B\u00f6den. In Verbindung mit meinem Wunsch auf selbst\u00e4ndiger Basis meinen Lebensunterhalt, ein kleines eigenes H\u00e4uschen in&hellip;<\/p>\n","protected":false},"author":1,"featured_media":0,"parent":78,"menu_order":2,"comment_status":"closed","ping_status":"closed","template":"","meta":[],"_links":{"self":[{"href":"https:\/\/emf-mediation.de\/1552820241838\/wp-json\/wp\/v2\/pages\/238"}],"collection":[{"href":"https:\/\/emf-mediation.de\/1552820241838\/wp-json\/wp\/v2\/pages"}],"about":[{"href":"https:\/\/emf-mediation.de\/1552820241838\/wp-json\/wp\/v2\/types\/page"}],"author":[{"embeddable":true,"href":"https:\/\/emf-mediation.de\/1552820241838\/wp-json\/wp\/v2\/users\/1"}],"replies":[{"embeddable":true,"href":"https:\/\/emf-mediation.de\/1552820241838\/wp-json\/wp\/v2\/comments?post=238"}],"version-history":[{"count":11,"href":"https:\/\/emf-mediation.de\/1552820241838\/wp-json\/wp\/v2\/pages\/238\/revisions"}],"predecessor-version":[{"id":790,"href":"https:\/\/emf-mediation.de\/1552820241838\/wp-json\/wp\/v2\/pages\/238\/revisions\/790"}],"up":[{"embeddable":true,"href":"https:\/\/emf-mediation.de\/1552820241838\/wp-json\/wp\/v2\/pages\/78"}],"wp:attachment":[{"href":"https:\/\/emf-mediation.de\/1552820241838\/wp-json\/wp\/v2\/media?parent=238"}],"curies":[{"name":"wp","href":"https:\/\/api.w.org\/{rel}","templated":true}]}}