{"id":242,"date":"2021-04-10T13:46:51","date_gmt":"2021-04-10T11:46:51","guid":{"rendered":"http:\/\/emf-mediation.de\/1552820241838\/?page_id=242"},"modified":"2022-01-16T18:20:44","modified_gmt":"2022-01-16T17:20:44","slug":"ich-bin-achtsamkeitsschule","status":"publish","type":"page","link":"https:\/\/emf-mediation.de\/1552820241838\/visionen\/ich-bin-achtsamkeitsschule\/","title":{"rendered":"ICH BIN &#8211; Achtsamkeitsschule"},"content":{"rendered":"<p>[vc_row][vc_column width=&#8221;1\/6&#8243;][\/vc_column][vc_column width=&#8221;2\/3&#8243;][vc_column_text]<\/p>\n<h1>ICH BIN &#8211; Achtsamkeitsschule<\/h1>\n<p>2019 und 2020 war ich auf der Suche nach meinen n\u00e4chsten Schritten. Ich wollte mehr in der Natur sein, ein Zentrum f\u00fcr ganzheitliches Reiten er\u00f6ffnen, suchte Partner, Immobilien, M\u00f6glichkeiten und nach dem richtigen Weg f\u00fcr meine Zukunft. Entsprechend offen war ich f\u00fcr Eingebungen, Inspirationen und Visionen.<\/p>\n<p>Auf einer Existenzgr\u00fcndermesse in Bonn sagten mehrere Menschen (Banken und Investoren) zu mir, ich br\u00e4uchte ein konkretes Konzept oder zumindest ein Papier, aus dem klar ersichtlich ist, wie sich das Zentrum rechnet, wo das Geld herkommt. Also kurz gesagt: Wer zahlt wen f\u00fcr was.<\/p>\n<p>Ich sp\u00fcrte, wie wahr genau diese Aussage f\u00fcr die \u201ealte Welt\u201c ist und dass ich mich auf einer anderen Ebene bewegen wollte, will und werde.<\/p>\n<p>Nicht die Gewinnmaximierung sondern das Wohl und die Bewusstseinsentfaltung der Menschen und aller Lebewesen soll der Selbstzweck dieses Zentrums sein.<\/p>\n<p>Also fing ich an, recht gro\u00df zu denken:<br \/>\nDas Zentrum f\u00fcr ganzheitliches Sein (wie ich es damals nannte) ist f\u00fcr jedes inkarnierte Wesen offen, das sich wahrhaftig entwickeln m\u00f6chte, den Mut, den Willen und die Entscheidung getroffen hat und f\u00fcr sich trifft.<\/p>\n<p>Es soll ein Ort sein, der sich in der Natur befindet. Ein Ort, an dem es viele unterschiedliche Angebote von unterschiedlichen Menschen gibt, die allesamt dem Wohle aller dienen wollen und uns Menschen bei unserer Bewusstseinsentfaltung unterst\u00fctzen wollen.<\/p>\n<p>Da viele Menschen derzeit noch recht stark gepr\u00e4gt sind und weder das Macht- noch das damit verbundene Geldthema erl\u00f6st haben, sollte Geld einfach keine Rolle spielen. Und wieder einmal kam mir der Gedanke einer Stiftung.<\/p>\n<p>Ich habe in mein Freundes- und Bekanntenkreis geschaut und die gro\u00dfe Anzahl an M\u00f6glichkeiten gesehen. So k\u00f6nnte in diesem Zentrum ein alternativer Kindergarten entstehen, der den Kindern wirklich den Raum und die Unterst\u00fctzung bietet, die die Kinder der heutigen Zeit ben\u00f6tigen.<\/p>\n<p>Es k\u00f6nnten Mosaik-, sowie Holzarbeitskurse stattfinden, gef\u00fchrte Spazierg\u00e4nge in der Natur, Vortr\u00e4ge und Gespr\u00e4chsrunden zu unterschiedlichen zukunftsorientierten Themen, sowie Heilentspannungen, gef\u00fchrte Meditationen und andere Formen der Bewusstseinsentfaltung und Harmonisierung.<\/p>\n<p>Mir selbst fehlen die finanziellen Mittel \u2026 Aber vielleicht f\u00fchlt sich die ein oder andere Stiftung, der ein oder andere Geldgeber, Schirmherr, eine Gemeinschaft oder einfach ein Mensch angesprochen und m\u00f6chte mehr \u00fcber diese Vision erfahren und sie unter eigener Regie, vielleicht ein wenig mit meiner Unterst\u00fctzung, umsetzen.[\/vc_column_text][\/vc_column][vc_column width=&#8221;1\/6&#8243; css=&#8221;.vc_custom_1623958667350{padding-top: 1em !important;background-color: #f5d530 !important;border-radius: 5px !important;}&#8221;][vc_wp_custommenu nav_menu=&#8221;5&#8243;][\/vc_column][\/vc_row][vc_row][vc_column][vc_single_image image=&#8221;734&#8243; img_size=&#8221;full&#8221; alignment=&#8221;center&#8221; css=&#8221;.vc_custom_1624478619243{margin-top: 5px !important;margin-bottom: 5px !important;}&#8221;][\/vc_column][\/vc_row]<\/p>\n","protected":false},"excerpt":{"rendered":"<p>[vc_row][vc_column width=&#8221;1\/6&#8243;][\/vc_column][vc_column width=&#8221;2\/3&#8243;][vc_column_text] ICH BIN &#8211; Achtsamkeitsschule 2019 und 2020 war ich auf der Suche nach meinen n\u00e4chsten Schritten. Ich wollte mehr in der Natur sein, ein Zentrum f\u00fcr ganzheitliches Reiten er\u00f6ffnen, suchte Partner, Immobilien, M\u00f6glichkeiten und nach dem richtigen Weg f\u00fcr meine Zukunft. Entsprechend offen war ich f\u00fcr Eingebungen, Inspirationen und Visionen. Auf einer&hellip;<\/p>\n","protected":false},"author":1,"featured_media":0,"parent":78,"menu_order":3,"comment_status":"closed","ping_status":"closed","template":"","meta":[],"_links":{"self":[{"href":"https:\/\/emf-mediation.de\/1552820241838\/wp-json\/wp\/v2\/pages\/242"}],"collection":[{"href":"https:\/\/emf-mediation.de\/1552820241838\/wp-json\/wp\/v2\/pages"}],"about":[{"href":"https:\/\/emf-mediation.de\/1552820241838\/wp-json\/wp\/v2\/types\/page"}],"author":[{"embeddable":true,"href":"https:\/\/emf-mediation.de\/1552820241838\/wp-json\/wp\/v2\/users\/1"}],"replies":[{"embeddable":true,"href":"https:\/\/emf-mediation.de\/1552820241838\/wp-json\/wp\/v2\/comments?post=242"}],"version-history":[{"count":13,"href":"https:\/\/emf-mediation.de\/1552820241838\/wp-json\/wp\/v2\/pages\/242\/revisions"}],"predecessor-version":[{"id":791,"href":"https:\/\/emf-mediation.de\/1552820241838\/wp-json\/wp\/v2\/pages\/242\/revisions\/791"}],"up":[{"embeddable":true,"href":"https:\/\/emf-mediation.de\/1552820241838\/wp-json\/wp\/v2\/pages\/78"}],"wp:attachment":[{"href":"https:\/\/emf-mediation.de\/1552820241838\/wp-json\/wp\/v2\/media?parent=242"}],"curies":[{"name":"wp","href":"https:\/\/api.w.org\/{rel}","templated":true}]}}