{"id":244,"date":"2021-04-10T13:47:49","date_gmt":"2021-04-10T11:47:49","guid":{"rendered":"http:\/\/emf-mediation.de\/1552820241838\/?page_id=244"},"modified":"2022-01-16T18:11:43","modified_gmt":"2022-01-16T17:11:43","slug":"stiftungen","status":"publish","type":"page","link":"https:\/\/emf-mediation.de\/1552820241838\/visionen\/stiftungen\/","title":{"rendered":"Stiftung(en)"},"content":{"rendered":"<p>[vc_row][vc_column width=&#8221;1\/6&#8243;][\/vc_column][vc_column width=&#8221;2\/3&#8243;][vc_column_text]<\/p>\n<h1>Stiftung(en)<\/h1>\n<p>Immer wieder hatte ich in meinem Leben Visionen, Ideen, M\u00f6glichkeiten. Sie f\u00fchlten sich so gut an. Es waren immer M\u00f6glichkeiten, Menschen und Tiere bei deren Bewusstseinsentfaltung und damit Befreiung zu unterst\u00fctzen oder der Natur etwas zur\u00fcck zu geben.<\/p>\n<p>Ich verf\u00fcge und verf\u00fcgte jedoch nicht \u00fcber die finanziellen Mittel solche gro\u00dfen Projekte umzusetzen und auch die damit verbundene Verantwortung alleine zu tragen f\u00fchlt sich nicht nach dem an, was ich m\u00f6chte und was mir gut tun wird.<\/p>\n<p>So bekam ich bereits in jungen Jahren die Eingebung, meine Ideen, Visionen und M\u00f6glichkeiten lie\u00dfen sich \u00fcber eine Stiftung umsetzen.<\/p>\n<p>Dieser Gedanke war meist eher unterschwellig irgendwo vorhanden und kam dann und wann (bei einer passenden Gelegenheit) wieder zum Vorschein.<\/p>\n<p>So auch jetzt. Im Zuge meiner Gedanken zu dieser Webseite, hat sich die Rubrik \u201eVisionen\u201c ergeben \u2026 und die Umsetzung dieser Visionen \u00fcber eine oder mehrere Stiftungen und damit auch die Stiftung(en) selbst als Vision erscheinen mir ganz nat\u00fcrlich.<\/p>\n<p>Sollten Sie sich also angesprochen f\u00fchlen, freue ich mich \u00fcber Ihre irdische Kontaktaufnahme.[\/vc_column_text][\/vc_column][vc_column width=&#8221;1\/6&#8243; css=&#8221;.vc_custom_1623958686440{padding-top: 1em !important;background-color: #f5d530 !important;border-radius: 5px !important;}&#8221;][vc_wp_custommenu nav_menu=&#8221;5&#8243;][\/vc_column][\/vc_row][vc_row][vc_column][vc_single_image image=&#8221;734&#8243; img_size=&#8221;full&#8221; alignment=&#8221;center&#8221; css=&#8221;.vc_custom_1624478649527{margin-top: 5px !important;margin-bottom: 5px !important;}&#8221;][\/vc_column][\/vc_row]<\/p>\n","protected":false},"excerpt":{"rendered":"<p>[vc_row][vc_column width=&#8221;1\/6&#8243;][\/vc_column][vc_column width=&#8221;2\/3&#8243;][vc_column_text] Stiftung(en) Immer wieder hatte ich in meinem Leben Visionen, Ideen, M\u00f6glichkeiten. Sie f\u00fchlten sich so gut an. Es waren immer M\u00f6glichkeiten, Menschen und Tiere bei deren Bewusstseinsentfaltung und damit Befreiung zu unterst\u00fctzen oder der Natur etwas zur\u00fcck zu geben. Ich verf\u00fcge und verf\u00fcgte jedoch nicht \u00fcber die finanziellen Mittel solche gro\u00dfen Projekte&hellip;<\/p>\n","protected":false},"author":1,"featured_media":0,"parent":78,"menu_order":4,"comment_status":"closed","ping_status":"closed","template":"","meta":[],"_links":{"self":[{"href":"https:\/\/emf-mediation.de\/1552820241838\/wp-json\/wp\/v2\/pages\/244"}],"collection":[{"href":"https:\/\/emf-mediation.de\/1552820241838\/wp-json\/wp\/v2\/pages"}],"about":[{"href":"https:\/\/emf-mediation.de\/1552820241838\/wp-json\/wp\/v2\/types\/page"}],"author":[{"embeddable":true,"href":"https:\/\/emf-mediation.de\/1552820241838\/wp-json\/wp\/v2\/users\/1"}],"replies":[{"embeddable":true,"href":"https:\/\/emf-mediation.de\/1552820241838\/wp-json\/wp\/v2\/comments?post=244"}],"version-history":[{"count":12,"href":"https:\/\/emf-mediation.de\/1552820241838\/wp-json\/wp\/v2\/pages\/244\/revisions"}],"predecessor-version":[{"id":792,"href":"https:\/\/emf-mediation.de\/1552820241838\/wp-json\/wp\/v2\/pages\/244\/revisions\/792"}],"up":[{"embeddable":true,"href":"https:\/\/emf-mediation.de\/1552820241838\/wp-json\/wp\/v2\/pages\/78"}],"wp:attachment":[{"href":"https:\/\/emf-mediation.de\/1552820241838\/wp-json\/wp\/v2\/media?parent=244"}],"curies":[{"name":"wp","href":"https:\/\/api.w.org\/{rel}","templated":true}]}}