{"id":31,"date":"2019-03-25T19:34:08","date_gmt":"2019-03-25T19:34:08","guid":{"rendered":"http:\/\/emf-mediation.de\/1552820241838\/?page_id=31"},"modified":"2022-01-16T18:06:36","modified_gmt":"2022-01-16T17:06:36","slug":"blog","status":"publish","type":"page","link":"https:\/\/emf-mediation.de\/1552820241838\/blog\/","title":{"rendered":"Blog"},"content":{"rendered":"<p>[vc_row][vc_column width=&#8221;5\/6&#8243;][vc_column_text]<\/p>\n<h1>Neues von Eva<\/h1>\n<p>[\/vc_column_text]<style type=\"text\/css\" data-type=\"the7_shortcodes-inline-css\">.blog-shortcode.blog-masonry-shortcode-id-15d71f566645a25af8158b27cc68947e.content-bg-on.classic-layout-list article {\n  background: #f5e591;\n  box-shadow: none;\n}\n.blog-shortcode.blog-masonry-shortcode-id-15d71f566645a25af8158b27cc68947e.dividers-on.classic-layout-list article {\n  padding-top: 0;\n}\n.blog-shortcode.blog-masonry-shortcode-id-15d71f566645a25af8158b27cc68947e.dividers-on.classic-layout-list article:first-of-type {\n  margin-top: 0;\n  padding-top: 0;\n}\n.blog-shortcode.blog-masonry-shortcode-id-15d71f566645a25af8158b27cc68947e.classic-layout-list.mode-list .post-entry-content {\n  width: calc(100% - );\n}\n.blog-shortcode.blog-masonry-shortcode-id-15d71f566645a25af8158b27cc68947e.classic-layout-list.mode-list .no-img .post-entry-content {\n  width: 100%;\n}\n.blog-shortcode.blog-masonry-shortcode-id-15d71f566645a25af8158b27cc68947e .filter-bg-decoration .filter-categories a.act {\n  color: #fff;\n}\n.blog-shortcode.blog-masonry-shortcode-id-15d71f566645a25af8158b27cc68947e:not(.mode-masonry) article:first-of-type,\n.blog-shortcode.blog-masonry-shortcode-id-15d71f566645a25af8158b27cc68947e:not(.mode-masonry) article.visible.first:not(.product) {\n  margin-top: 0;\n}\n.blog-shortcode.blog-masonry-shortcode-id-15d71f566645a25af8158b27cc68947e.dividers-on:not(.mode-masonry) article {\n  margin-top: 0;\n}\n.blog-shortcode.blog-masonry-shortcode-id-15d71f566645a25af8158b27cc68947e.dividers-on:not(.mode-masonry) article:first-of-type,\n.blog-shortcode.blog-masonry-shortcode-id-15d71f566645a25af8158b27cc68947e.dividers-on:not(.mode-masonry) article.visible.first:not(.product) {\n  margin-top: 0;\n  padding-top: 0;\n}\n.blog-shortcode.blog-masonry-shortcode-id-15d71f566645a25af8158b27cc68947e .post-thumbnail-wrap {\n  padding: 0px 0px 0px 0px;\n}\n.blog-shortcode.blog-masonry-shortcode-id-15d71f566645a25af8158b27cc68947e.enable-bg-rollover .post-thumbnail-rollover:after {\n  background: -webkit-linear-gradient();\n  background: linear-gradient();\n}\n.blog-shortcode.blog-masonry-shortcode-id-15d71f566645a25af8158b27cc68947e .gallery-zoom-ico {\n  width: 44px;\n  height: 44px;\n  line-height: 44px;\n  border-radius: 100px;\n  margin: -22px 0 0 -22px;\n  border-width: 0px;\n  color: #ffffff;\n}\n.bottom-overlap-layout-list.blog-shortcode.blog-masonry-shortcode-id-15d71f566645a25af8158b27cc68947e .gallery-zoom-ico {\n  margin-top: -72px;\n}\n.gradient-overlay-layout-list.blog-shortcode.blog-masonry-shortcode-id-15d71f566645a25af8158b27cc68947e .gallery-zoom-ico,\n.content-rollover-layout-list.blog-shortcode.blog-masonry-shortcode-id-15d71f566645a25af8158b27cc68947e .gallery-zoom-ico {\n  margin: 0 0 10px;\n}\n.content-align-center.gradient-overlay-layout-list.blog-shortcode.blog-masonry-shortcode-id-15d71f566645a25af8158b27cc68947e .gallery-zoom-ico,\n.content-align-center.content-rollover-layout-list.blog-shortcode.blog-masonry-shortcode-id-15d71f566645a25af8158b27cc68947e .gallery-zoom-ico {\n  margin: 0 auto 10px;\n}\n.dt-icon-bg-on.blog-shortcode.blog-masonry-shortcode-id-15d71f566645a25af8158b27cc68947e .gallery-zoom-ico {\n  background: rgba(255,255,255,0.3);\n  box-shadow: none;\n}\n.blog-shortcode.blog-masonry-shortcode-id-15d71f566645a25af8158b27cc68947e .gallery-zoom-ico > span,\n.blog-shortcode.blog-masonry-shortcode-id-15d71f566645a25af8158b27cc68947e .gallery-zoom-ico:before {\n  font-size: 32px;\n  line-height: 44px;\n}\n.blog-shortcode.blog-masonry-shortcode-id-15d71f566645a25af8158b27cc68947e .gallery-zoom-ico > span,\n.blog-shortcode.blog-masonry-shortcode-id-15d71f566645a25af8158b27cc68947e .gallery-zoom-ico:before {\n  color: #ffffff;\n}\n.blog-shortcode.blog-masonry-shortcode-id-15d71f566645a25af8158b27cc68947e .entry-title,\n.blog-shortcode.blog-masonry-shortcode-id-15d71f566645a25af8158b27cc68947e.owl-carousel .entry-title {\n  margin-bottom: 5px;\n  font-weight: bold;\n}\n.blog-shortcode.blog-masonry-shortcode-id-15d71f566645a25af8158b27cc68947e .entry-meta {\n  margin-bottom: 15px;\n}\n.blog-shortcode.blog-masonry-shortcode-id-15d71f566645a25af8158b27cc68947e .portfolio-categories {\n  margin-bottom: 15px;\n}\n.blog-shortcode.blog-masonry-shortcode-id-15d71f566645a25af8158b27cc68947e .entry-excerpt {\n  margin-bottom: 5px;\n}\n.blog-shortcode.blog-masonry-shortcode-id-15d71f566645a25af8158b27cc68947e:not(.centered-layout-list) .post-entry-content {\n  padding: 25px 30px 30px 30px;\n}\n.blog-shortcode.blog-masonry-shortcode-id-15d71f566645a25af8158b27cc68947e:not(.centered-layout-list):not(.content-bg-on):not(.mode-list) .no-img .post-entry-content {\n  padding: 0;\n}\n.blog-shortcode.blog-masonry-shortcode-id-15d71f566645a25af8158b27cc68947e.content-bg-on:not(.classic-layout-list):not(.centered-layout-list) .post-entry-content {\n  background: #f5e591;\n  box-shadow: none;\n}\n@media screen and (max-width: ) {\n  .blog-shortcode.blog-masonry-shortcode-id-15d71f566645a25af8158b27cc68947e article {\n    -ms-flex-flow: column nowrap;\n    flex-flow: column nowrap;\n    margin-top: 20px;\n  }\n  .blog-shortcode.blog-masonry-shortcode-id-15d71f566645a25af8158b27cc68947e.dividers-on article {\n    border: none;\n  }\n  .blog-shortcode.blog-masonry-shortcode-id-15d71f566645a25af8158b27cc68947e.content-bg-on.centered-layout-list article {\n    padding: 0;\n  }\n  .blog-shortcode.blog-masonry-shortcode-id-15d71f566645a25af8158b27cc68947e.blog-shortcode.dividers-on article,\n  .blog-shortcode.blog-masonry-shortcode-id-15d71f566645a25af8158b27cc68947e.dividers-on.classic-layout-list article {\n    margin-top: 20px;\n    padding: 0;\n  }\n  .blog-shortcode.blog-masonry-shortcode-id-15d71f566645a25af8158b27cc68947e.blog-shortcode.dividers-on article:first-of-type,\n  .blog-shortcode.blog-masonry-shortcode-id-15d71f566645a25af8158b27cc68947e.dividers-on.classic-layout-list article:first-of-type {\n    padding: 0;\n  }\n  #page .blog-shortcode.blog-masonry-shortcode-id-15d71f566645a25af8158b27cc68947e .post-thumbnail-wrap,\n  #page .blog-shortcode.blog-masonry-shortcode-id-15d71f566645a25af8158b27cc68947e .post-entry-content {\n    width: 100%;\n    margin: 0;\n    top: 0;\n  }\n  #page .blog-shortcode.blog-masonry-shortcode-id-15d71f566645a25af8158b27cc68947e .post-thumbnail-wrap {\n    padding: 0;\n  }\n  #page .blog-shortcode.blog-masonry-shortcode-id-15d71f566645a25af8158b27cc68947e .post-entry-content:after {\n    display: none;\n  }\n  #page .blog-shortcode.blog-masonry-shortcode-id-15d71f566645a25af8158b27cc68947e .project-even .post-thumbnail-wrap,\n  #page .blog-shortcode.blog-masonry-shortcode-id-15d71f566645a25af8158b27cc68947e.centered-layout-list .post-thumbnail-wrap {\n    -ms-flex-order: 0;\n    order: 0;\n  }\n  #page .blog-shortcode.blog-masonry-shortcode-id-15d71f566645a25af8158b27cc68947e.centered-layout-list .post-entry-title-content {\n    -ms-flex-order: 1;\n    order: 1;\n    width: 100%;\n    padding: 20px 20px 0;\n  }\n  #page .blog-shortcode.blog-masonry-shortcode-id-15d71f566645a25af8158b27cc68947e.centered-layout-list .post-entry-content {\n    -ms-flex-order: 2;\n    order: 2;\n    padding-top: 0;\n  }\n  #page .blog-shortcode.blog-masonry-shortcode-id-15d71f566645a25af8158b27cc68947e .fancy-categories {\n    top: 10px;\n    left: 10px;\n    bottom: auto;\n    right: auto;\n  }\n  #page .blog-shortcode.blog-masonry-shortcode-id-15d71f566645a25af8158b27cc68947e .fancy-date a {\n    top: 10px;\n    right: 10px;\n    left: auto;\n    bottom: auto;\n  }\n  #page .blog-shortcode.blog-masonry-shortcode-id-15d71f566645a25af8158b27cc68947e .post-entry-content {\n    padding: 20px;\n  }\n  #page .blog-shortcode.blog-masonry-shortcode-id-15d71f566645a25af8158b27cc68947e .entry-title {\n    margin: 3px 0 5px;\n    font-size: 20px;\n    line-height: 26px;\n  }\n  #page .blog-shortcode.blog-masonry-shortcode-id-15d71f566645a25af8158b27cc68947e .entry-meta {\n    margin: 5px 0 5px;\n  }\n  #page .blog-shortcode.blog-masonry-shortcode-id-15d71f566645a25af8158b27cc68947e .entry-excerpt {\n    margin: 15px 0 0;\n  }\n  #page .blog-shortcode.blog-masonry-shortcode-id-15d71f566645a25af8158b27cc68947e .post-details {\n    margin: 5px 0 10px;\n  }\n  #page .blog-shortcode.blog-masonry-shortcode-id-15d71f566645a25af8158b27cc68947e .post-details.details-type-link {\n    margin-bottom: 2px;\n  }\n}\n<\/style><div class=\"blog-shortcode blog-masonry-shortcode-id-15d71f566645a25af8158b27cc68947e mode-masonry classic-layout-list content-bg-on jquery-filter dt-icon-bg-off resize-by-browser-width loading-effect-none description-under-image \" data-padding=\"15px\" data-cur-page=\"1\" data-post-limit=\"-1\" data-pagination-mode=\"none\" data-desktop-columns-num=\"4\" data-v-tablet-columns-num=\"2\" data-h-tablet-columns-num=\"3\" data-phone-columns-num=\"1\" data-width=\"0px\" data-columns=\"0\"><div class=\"iso-container\" ><div class=\"visible wf-cell double-width iso-item\" data-post-id=\"854\" data-date=\"2021-08-02T22:25:22+02:00\" data-name=\"\u201eEigentlich einfach nur\u201c und die Umwege des Lebens\"><article class=\"post project-odd visible no-img post-854 type-post status-publish format-standard hentry category-gedankenanstoesse category-11 media-wide\" data-name=\"\u201eEigentlich einfach nur\u201c und die Umwege des Lebens\" data-date=\"2021-08-02T22:25:22+02:00\">\n\n<div class=\"post-entry-content\">\n\n\t<h3 class=\"entry-title\">\n\t\t<a href=\"https:\/\/emf-mediation.de\/1552820241838\/eigentlich-einfach-nur-und-die-umwege-des-lebens\/\" title=\"\u201eEigentlich einfach nur\u201c und die Umwege des Lebens\" rel=\"bookmark\">\u201eEigentlich einfach nur\u201c und die Umwege des Lebens<\/a>\n\t<\/h3>\n\n\t<div class=\"entry-meta\"><span class=\"category-link\"><a href=\"https:\/\/emf-mediation.de\/1552820241838\/category\/gedankenanstoesse\/\" >Gedankenanst\u00f6\u00dfe<\/a><\/span><a href=\"https:\/\/emf-mediation.de\/1552820241838\/2021\/08\/02\/\" title=\"22:25\" class=\"data-link\" rel=\"bookmark\"><time class=\"entry-date updated\" datetime=\"2021-08-02T22:25:22+02:00\">02.08.2021<\/time><\/a><\/div>\n\t<div class=\"entry-excerpt\"><p>[vc_row][vc_column][vc_column_text]Eigentlich sind Leben, Freude, Gl\u00fcck, Frieden, Harmonie, F\u00fclle, Wohlstand ganz einfach. Man muss es einfach nur sein. Eine liebe Freundin hat mich darauf hingewiesen, dass ich viele tiefe Wahrheiten, in ein \u201eeigentlich muss man einfach nur\u201c packe. Ja, die L\u00f6sungen sind h\u00e4ufig sehr simpel. Wir h\u00e4ngen h\u00e4ufig jedoch noch etwas an der Umsetzung, da wir&hellip;<\/p>\n<\/div>\n\t\n<a href=\"https:\/\/emf-mediation.de\/1552820241838\/eigentlich-einfach-nur-und-die-umwege-des-lebens\/\" class=\"post-details details-type-link\" aria-label=\"Read more about \u201eEigentlich einfach nur\u201c und die Umwege des Lebens\" rel=\"nofollow\">Weiter lesen<i class=\"dt-icon-the7-arrow-03\" aria-hidden=\"true\"><\/i><\/a>\n\n<\/div><\/article><\/div><div class=\"visible wf-cell double-width iso-item\" data-post-id=\"851\" data-date=\"2021-08-02T22:20:51+02:00\" data-name=\"\u00dcber diese Website\"><article class=\"post project-odd visible no-img post-851 type-post status-publish format-standard hentry category-allgemein category-9 media-wide\" data-name=\"\u00dcber diese Website\" data-date=\"2021-08-02T22:20:51+02:00\">\n\n<div class=\"post-entry-content\">\n\n\t<h3 class=\"entry-title\">\n\t\t<a href=\"https:\/\/emf-mediation.de\/1552820241838\/ueber-diese-website\/\" title=\"\u00dcber diese Website\" rel=\"bookmark\">\u00dcber diese Website<\/a>\n\t<\/h3>\n\n\t<div class=\"entry-meta\"><span class=\"category-link\"><a href=\"https:\/\/emf-mediation.de\/1552820241838\/category\/allgemein\/\" >Allgemein<\/a><\/span><a href=\"https:\/\/emf-mediation.de\/1552820241838\/2021\/08\/02\/\" title=\"22:20\" class=\"data-link\" rel=\"bookmark\"><time class=\"entry-date updated\" datetime=\"2021-08-02T22:20:51+02:00\">02.08.2021<\/time><\/a><\/div>\n\t<div class=\"entry-excerpt\"><p>[vc_row][vc_column][vc_column_text]Das hier sollte eine ganz \u201eklassische\u201c Seite werden. Ich wollte mich sortieren und m\u00f6glichst kurz, klar und \u00fcbersichtlich aber auch authentisch und ansprechend meine \u201eLeistungen\u201c darstellen, nach meiner T\u00e4tigkeitspause wieder ein Gewerbe anmelden und damit wieder meine selbst\u00e4ndige T\u00e4tigkeit aufnehmen, die dieses Mal die Basis f\u00fcr mein eigenes Heim und meinen Lebensunterhalt werden sollte. Und&hellip;<\/p>\n<\/div>\n\t\n<a href=\"https:\/\/emf-mediation.de\/1552820241838\/ueber-diese-website\/\" class=\"post-details details-type-link\" aria-label=\"Read more about \u00dcber diese Website\" rel=\"nofollow\">Weiter lesen<i class=\"dt-icon-the7-arrow-03\" aria-hidden=\"true\"><\/i><\/a>\n\n<\/div><\/article><\/div><\/div><!-- iso-container|iso-grid --><\/div>[\/vc_column][vc_column width=&#8221;1\/6&#8243; css=&#8221;.vc_custom_1627833248122{padding-top: 1px !important;background-color: #f5d530 !important;border-radius: 5px !important;}&#8221;][vc_wp_categories title=&#8221;Themen&#8221; options=&#8221;count&#8221;][vc_column_text][\/vc_column_text][\/vc_column][\/vc_row]<\/p>\n","protected":false},"excerpt":{"rendered":"<p>[vc_row][vc_column width=&#8221;5\/6&#8243;][vc_column_text] Neues von Eva [\/vc_column_text][\/vc_column][vc_column width=&#8221;1\/6&#8243; css=&#8221;.vc_custom_1627833248122{padding-top: 1px !important;background-color: #f5d530 !important;border-radius: 5px !important;}&#8221;][vc_wp_categories title=&#8221;Themen&#8221; options=&#8221;count&#8221;][vc_column_text][\/vc_column_text][\/vc_column][\/vc_row]<\/p>\n","protected":false},"author":1,"featured_media":0,"parent":0,"menu_order":0,"comment_status":"closed","ping_status":"closed","template":"","meta":[],"_links":{"self":[{"href":"https:\/\/emf-mediation.de\/1552820241838\/wp-json\/wp\/v2\/pages\/31"}],"collection":[{"href":"https:\/\/emf-mediation.de\/1552820241838\/wp-json\/wp\/v2\/pages"}],"about":[{"href":"https:\/\/emf-mediation.de\/1552820241838\/wp-json\/wp\/v2\/types\/page"}],"author":[{"embeddable":true,"href":"https:\/\/emf-mediation.de\/1552820241838\/wp-json\/wp\/v2\/users\/1"}],"replies":[{"embeddable":true,"href":"https:\/\/emf-mediation.de\/1552820241838\/wp-json\/wp\/v2\/comments?post=31"}],"version-history":[{"count":35,"href":"https:\/\/emf-mediation.de\/1552820241838\/wp-json\/wp\/v2\/pages\/31\/revisions"}],"predecessor-version":[{"id":858,"href":"https:\/\/emf-mediation.de\/1552820241838\/wp-json\/wp\/v2\/pages\/31\/revisions\/858"}],"wp:attachment":[{"href":"https:\/\/emf-mediation.de\/1552820241838\/wp-json\/wp\/v2\/media?parent=31"}],"curies":[{"name":"wp","href":"https:\/\/api.w.org\/{rel}","templated":true}]}}