{"id":33,"date":"2019-03-25T19:34:08","date_gmt":"2019-03-25T19:34:08","guid":{"rendered":"http:\/\/emf-mediation.de\/1552820241838\/?page_id=33"},"modified":"2022-01-16T18:09:00","modified_gmt":"2022-01-16T17:09:00","slug":"wie-ich-arbeite","status":"publish","type":"page","link":"https:\/\/emf-mediation.de\/1552820241838\/ueber-mich\/wie-ich-arbeite\/","title":{"rendered":"Wie ich arbeite"},"content":{"rendered":"<p>[vc_row][vc_column width=&#8221;1\/6&#8243;][\/vc_column][vc_column width=&#8221;2\/3&#8243;][vc_column_text]<\/p>\n<h1>Wie ich arbeite<\/h1>\n<p>Ich arbeite auf Basis meiner Ausbildungen, Erfahrungen, Talente und Eingebungen; intuitiv, neutral, wohlwollend, mit offenem Herzen und mit dem Segen und der Hilfe der lichtvollen, geistigen Welt.<\/p>\n<p>Ich h\u00f6re mir Ihre W\u00fcnsche, Vorstellungen und wo es aktuell \u201eh\u00e4ngt\u201c sehr genau an; stelle \u201edie richtigen\u201c Fragen, und gebe Ihnen Impulse, Ideen, zeige M\u00f6glichkeiten auf. So k\u00f6nnen Sie sich selbst reflektieren und Ihre ganz pers\u00f6nlichen Antworten und Resonanzen in sich selbst finden. Denn es ist bereits alles in Ihnen. Wir m\u00fcssen uns nur f\u00fcr die richtigen Antworten \u00f6ffnen, ihnen Raum geben, damit sich unser Wesenskern sch\u00f6pferisch entfalten kann, wir so den Zugang zu den richtigen Antworten erhalten und Selbstheilung geschehen kann.<\/p>\n<p>Ich schaue mir die Energien an und sehe so den aktuellen Zustand, kann Blockaden, Fremdenergien oder einfach eine nicht f\u00f6rderliche Ausrichtung erkennen, Ihnen bewusst machen und so den Weg f\u00fcr Ihre Selbstheilung \u00f6ffnen, damit Ihre Energien wieder frei, lebensbejaend und aufbauend flie\u00dfen k\u00f6nnen.<\/p>\n<p>So kann ich Sie bei Ihrer Bewusstseinsentwicklung unterst\u00fctzen; Schaffe Verst\u00e4ndnis, zeige teilweise neue M\u00f6glichkeiten, Impulse, Blickwinkel auf; Erinnere Sie an Ihre eigene Anbindung an die Urquelle allen Seins, an Ihre Sch\u00f6pferkraft, an Naturgesetze, wie sie derzeit auf der Erde g\u00fcltig sind.<\/p>\n<p>Sie k\u00f6nnen so wieder mehr Beweglichkeit in Ihren physischen K\u00f6rper, Ihr Denken, Ihre Gef\u00fchle und Ihre Handlungen bringen.<br \/>\nSie k\u00f6nnen wacher, freier, aufmerksamer und zugleich entspannter, eigeninitiativ und ganz anwesend in Freude und Leichtigkeit sowie in Harmoine leben.<br \/>\nSie k\u00f6nnen verst\u00e4ndnisvoll sowie wohlwollend kommunizieren und damit Verbindungen auf einer fein schwingenden gemeinsamen Ebene aufbauen.<\/p>\n<p>Sp\u00fcren Sie eine innere Resonanz zu meinen Worten? M\u00f6chten Sie sich wirklich und wahrhaftig weiterentwickeln? JETZT?<\/p>\n<p>Dann nehmen Sie doch einfach hier Kontakt zu mir auf.<\/p>\n<p>Wir Menschen sind derzeit h\u00e4ufig noch sehr kopfgesteuert, sind uns unseres freien Willens vielfach sehr bewusst und lieben es zu kontrollieren. H\u00e4ufig sind wir jedoch so im Alltag gebunden, dass wir uns nicht intensiv reflektieren und so gar nicht bewusst erkennen, wo wir einfach \u201ealtes Wissen\u201c und aus guten, vergangenen Erfahrungen heraus leben, was m\u00f6glicherweise deutlich optimierbar ist, da sich die Zeiten \u00e4ndern.<\/p>\n<p>Der Weg geht dann individuell \u00fcber das Bewusstwerden, das Annehmen des Bisherigen, das Ausrichten und Fokussieren auf das Gew\u00fcnschte, evtl. als \u201eErste Hilfe Ma\u00dfnahme\u201c ein \u201eUmprogrammieren\u201c, das Wandeln der Abw\u00e4rts- in eine Aufw\u00e4rtsspirale, das freier Werden und Ihre sch\u00f6pferische Aktivit\u00e4t nutzen.<\/p>\n<p>Sie stehen immer wieder mal an einem \u00e4hnlichen Punkt?<br \/>\nSie haben das Gef\u00fchl, Sie drehen sich im Kreis?<br \/>\nEs f\u00e4llt Ihnen schwer eine Entscheidung zu treffen?<\/p>\n<p>Sind Sie bereit, an sich selbst zu arbeiten, sich selbst wirklich zu entwickeln?<br \/>\nEs geht nicht um h\u00f6her, schneller, weiter, das mag ein Nebeneffekt sein.<br \/>\nEs geht darum, Ihre Ziele heilvoll, zum Wohle aller Beteiligten und im Sinne der h\u00f6chsten Intelligenz zu erreichen \u2013 individuell und dabei so Ihre eigenen Potenziale zu nutzen.<br \/>\nEs geht darum, ganz Sie selbst zu sein, um Ihre Liebe, Anerkennung und \u00d6ffnung und dabei die L\u00f6sung von Blockaden.<\/p>\n<p>Leben, immer wieder \u00fcben, sich wahrnehmen, f\u00fchlen mit Freude &amp; Leichtigkeit \u2013 den K\u00f6rper kennenlernen, sp\u00fcren \u2013 sehr, sehr bewusst sein, ganz im hier und jetzt und ausgerichtet auf das Wohl aller.<\/p>\n<p>Dabei sind die Wege nach Rom sind wohl so vielseitig, wie die Vielfalt der Menschen. Dar\u00fcber hinaus ver\u00e4ndert sich alles stetig und in der aktuellen Zeit kann es sehr schnell gehen. Die lichtvollen L\u00f6sungen liegen meist auf einer h\u00f6heren Ebene als das Thema bzw. die Herausforderung sich derzeit befindet. Und so schaue ich gerne immer wieder neu hin, nehme wahr, was gerade ist, wie es sich durch unsere Aufmerksamkeit ver\u00e4ndert und welche kreativen M\u00f6glichkeiten sich zeigen. Letztendlich folge ich meiner sicheren Intuition, den Inspirationen und der Hilfe der geistigen Helfer.<\/p>\n<p>Ich sehe mich als Mittlerin und sage frei heraus, wie ich die Dinge wahrnehme, was ich h\u00f6re, was ich sehe, wie ich wen verstehe und was sich mir zeigt.<\/p>\n<p>Wir k\u00f6nnen Aspekte der energetischen Ausrichtung, wie z.B. Visualisierung-, Mental- oder Autogene Trainings; der Energiearbeit, wie z.B. Ausstreichungen, Handauflegen, therapeutischer Ultraschall (beim Pferd), tibetische Massage und der telepathischen Kontaktaufnahme wie z.B. telepathische (Tier-)Kommunikation, Seelenlesungen (readings), Informationen aus dem morphischen Feld, der eigenen Aura und unserer Umgebung wahrnehmen und nutzen.<\/p>\n<p>So k\u00f6nnte ich Sie bei Ihrer wahren Zielerreichung unterst\u00fctzen.<\/p>\n<p>Was Sie daraus machen, das \u00fcberlasse ich Ihrer eigenen Intuition, Ihrem Mut und Ihrer F\u00fchrung.<\/p>\n<p>Sie k\u00f6nnen nur Ihren eigenen Weg gehen. Das finden, was im Moment f\u00fcr Sie das Richtige, das Optimalste (im Rahmen der aktuellen M\u00f6glichkeiten) ist &amp; ich kann schauen, was ich gerade wahrnehme, so wie Sie jetzt sind &amp; so, wie ich jetzt bin und ob wir da auf einen gemeinsamen Nenner kommen.<\/p>\n<p>Selbstverst\u00e4ndlich ist es immer Ihre freie Entscheidung, ob Sie sich f\u00fcr einen dieser sich bietenden Wege entscheiden.[\/vc_column_text][\/vc_column][vc_column width=&#8221;1\/6&#8243; css=&#8221;.vc_custom_1623958527332{padding-top: 1em !important;background-color: #f5d530 !important;border-radius: 5px !important;}&#8221;][vc_wp_custommenu nav_menu=&#8221;4&#8243;][\/vc_column][\/vc_row][vc_row][vc_column][vc_single_image image=&#8221;734&#8243; img_size=&#8221;full&#8221; alignment=&#8221;center&#8221; css=&#8221;.vc_custom_1624479173853{margin-top: 5px !important;margin-bottom: 5px !important;}&#8221;][\/vc_column][\/vc_row]<\/p>\n","protected":false},"excerpt":{"rendered":"<p>[vc_row][vc_column width=&#8221;1\/6&#8243;][\/vc_column][vc_column width=&#8221;2\/3&#8243;][vc_column_text] Wie ich arbeite Ich arbeite auf Basis meiner Ausbildungen, Erfahrungen, Talente und Eingebungen; intuitiv, neutral, wohlwollend, mit offenem Herzen und mit dem Segen und der Hilfe der lichtvollen, geistigen Welt. Ich h\u00f6re mir Ihre W\u00fcnsche, Vorstellungen und wo es aktuell \u201eh\u00e4ngt\u201c sehr genau an; stelle \u201edie richtigen\u201c Fragen, und gebe Ihnen Impulse,&hellip;<\/p>\n","protected":false},"author":1,"featured_media":0,"parent":34,"menu_order":2,"comment_status":"closed","ping_status":"closed","template":"","meta":[],"_links":{"self":[{"href":"https:\/\/emf-mediation.de\/1552820241838\/wp-json\/wp\/v2\/pages\/33"}],"collection":[{"href":"https:\/\/emf-mediation.de\/1552820241838\/wp-json\/wp\/v2\/pages"}],"about":[{"href":"https:\/\/emf-mediation.de\/1552820241838\/wp-json\/wp\/v2\/types\/page"}],"author":[{"embeddable":true,"href":"https:\/\/emf-mediation.de\/1552820241838\/wp-json\/wp\/v2\/users\/1"}],"replies":[{"embeddable":true,"href":"https:\/\/emf-mediation.de\/1552820241838\/wp-json\/wp\/v2\/comments?post=33"}],"version-history":[{"count":61,"href":"https:\/\/emf-mediation.de\/1552820241838\/wp-json\/wp\/v2\/pages\/33\/revisions"}],"predecessor-version":[{"id":787,"href":"https:\/\/emf-mediation.de\/1552820241838\/wp-json\/wp\/v2\/pages\/33\/revisions\/787"}],"up":[{"embeddable":true,"href":"https:\/\/emf-mediation.de\/1552820241838\/wp-json\/wp\/v2\/pages\/34"}],"wp:attachment":[{"href":"https:\/\/emf-mediation.de\/1552820241838\/wp-json\/wp\/v2\/media?parent=33"}],"curies":[{"name":"wp","href":"https:\/\/api.w.org\/{rel}","templated":true}]}}