{"id":467,"date":"2021-05-14T13:03:26","date_gmt":"2021-05-14T11:03:26","guid":{"rendered":"http:\/\/emf-mediation.de\/1552820241838\/?page_id=467"},"modified":"2022-01-16T17:56:04","modified_gmt":"2022-01-16T16:56:04","slug":"vortraege","status":"publish","type":"page","link":"https:\/\/emf-mediation.de\/1552820241838\/leistungen\/vortraege\/","title":{"rendered":"Vortr\u00e4ge"},"content":{"rendered":"<p>[vc_row][vc_column width=&#8221;1\/6&#8243;][\/vc_column][vc_column width=&#8221;2\/3&#8243;][vc_column_text]<\/p>\n<h1>Vortr\u00e4ge<\/h1>\n<p>In meinen Vortr\u00e4gen erz\u00e4hle ich von meinen Erfahrungen und Wahrnehmungen. So biete ich Ihnen die M\u00f6glichkeit, die Informationen und Erkenntnisse, Werkzeuge, Impulse und M\u00f6glichkeiten zu finden und zu nutzen, die f\u00fcr Sie gerade hilfreich sind und die Sie bei Ihren n\u00e4chsten Schritten unterst\u00fctzen k\u00f6nnen. Ich erinnere Sie an das Wissen, das bereits in Ihnen ist. Die lichtvolle Ausrichtung, die positive Wortwahl, die Leichtigkeit, welche die Grundlage meiner Vortr\u00e4ge bilden, erm\u00f6glichen eine Schwingungserh\u00f6hung, mit der wir nicht nur uns selbst sondern auch dem Wohle aller dienen.[\/vc_column_text][vc_column_text]<\/p>\n<ul>\n<li>\u201eLEBE, LIEBE, SEI und das ganzheitliche SEIN im Alltag\u201c erz\u00e4hlt von einem m\u00f6glichen Tagesablauf, welche Rituale ich mache, welche feinstofflichen Werkzeuge ich nutze und wie ich so m\u00f6glichst bewusst, klar und wahr, ganz bei mir und in mir und in der bewussten Verbindung zur Sch\u00f6pferquelle sowie zu Erde und Kosmos einfach lebe, ganz nat\u00fcrlich, klar und wahr.<\/li>\n<\/ul>\n<p>[\/vc_column_text][vc_column_text]<\/p>\n<ul>\n<li>\u201eHerzlich Willkommen im Leben und<span class=\"Apple-converted-space\"> die Bedeutung des Atems\u201c. Wir alle atmen. Doch wie h\u00e4ufig am Tag atmen Sie bewusst? F\u00fchlen und sp\u00fcren Sie Ihren Atem? Nehmen Sie Ihren Atem bewusst auf? Was denken Sie dabei? Und was macht es mit Ihnen, wenn Sie bewusst atmen? Welche M\u00f6glichkeiten liegen darin verborgen? So simpel, so effektiv, so nat\u00fcrlich und so vielseitig, dass dieser Vortrag sich \u201enur\u201c mit dem Atmen besch\u00e4ftigt. <\/span><\/li>\n<\/ul>\n<p>[\/vc_column_text][vc_column_text]<\/p>\n<ul>\n<li>\u201eDie Leichtigkeit des SEINS\u201c zeigt durch Annekdoten, Reflektionen und bewusst getroffene Entscheidungen, wie ich mir das Leben in einigen Bereichen bereits leichter gemacht habe. So k\u00f6nnen Sie selbst reflektieren, wo Sie sich das Leben vielleicht etwas zu schwer machen, wo Sie in der Angst sind und auch Sie k\u00f6nnen Wege finden, wie Sie das Leben leichter nehmen und mehr ins Vertrauen kommen k\u00f6nnen.<\/li>\n<\/ul>\n<p>[\/vc_column_text][vc_column_text]<\/p>\n<ul>\n<li>\u201eZu sich kommen, bei sich sein, bei sich bleiben.\u201c Zentrierung im eigenen ICH BIN. Meine R\u00e4ume geh\u00f6ren mir. Der Nutzen sowie der Einsatz des eigenen freien Willens, der Absicht, eine klare Entscheidung treffen. Weil ich es wert bin.<\/li>\n<\/ul>\n<p>[\/vc_column_text][vc_column_text]<\/p>\n<ul>\n<li>\u201eWer bin ich und wer will ich sein.\u201c \u00dcberlegungen zu Zielen und pers\u00f6nlichen St\u00e4rken als Voraussetzung f\u00fcr die Zukunft. Reflektionen zu Hindernissen und Ressourcen und wie sich durch einen Perspektivenwechseln neue Wege zeigen k\u00f6nnen und wie Ziele und Einstellungen sich ver\u00e4ndern k\u00f6nnen.<\/li>\n<\/ul>\n<p>[\/vc_column_text][vc_column_text]<\/p>\n<ul>\n<li>\u201eSt\u00e4rker weiter kommen, Ziele heilvoll erreichen, gezielt weiter kommen, gemeinsam st\u00e4rker werden.\u201c Der Nutzen von Autogenem Training, Visualisierungen, Mentaltraining, Motivationstraining, Energien setzen, Heilmeditationen und andere Formen der Heilentspannungen und wie ich ganz leicht anfangen kann.<\/li>\n<\/ul>\n<p>[\/vc_column_text][vc_column_text]<\/p>\n<ul>\n<li>\u201eEntdecke die M\u00f6glichkeiten \u2013 Sowohl als auch \u2013 Lebe Deine Tr\u00e4ume, erschaffe Deine eigene Vision\u201c erz\u00e4hlt von Pr\u00e4gungen und deren Wandlung, wie ich so mein Bewusstsein stetig erweitere und dadurch immer freier werde. Diese Webseite spiegelt die Vielseitigkeit der M\u00f6glichkeiten und doch ist sie nur so ein kleiner Teil des gro\u00dfen Ganzen.<\/li>\n<\/ul>\n<p>[\/vc_column_text][vc_column_text]Meine Leistungen biete ich derzeit telefonisch oder pers\u00f6nlich an. Pers\u00f6nlich k\u00f6nnen wir uns in den R\u00e4umen des Albert-Schweizer-Hauses in Bonn, bei Ihnen oder an dem Ort an dem das Pferd bzw. die Pferde leben treffen.[\/vc_column_text][vc_column_text css=&#8221;.vc_custom_1642352161906{margin-bottom: 25px !important;padding-top: 20px !important;padding-right: 20px !important;padding-bottom: 20px !important;padding-left: 20px !important;background-color: #e899f2 !important;border-radius: 15px !important;}&#8221;]Meine Arbeit ersetzt keinesfalls \u00e4rztliche, heilpraktische oder therapeutische Diagnosen und deren Behandlung, ist keine Grundlage f\u00fcr eigenst\u00e4ndige Diagnosen und beinhaltet keine Heilversprechen! Bei bestehenden oder akuten Erkrankungen empfehle ich Dir den Arzt, Heilpraktiker oder Therapeuten Deines Vertrauens zu konsultieren und ggf. R\u00fccksprache zu halten.<\/p>\n<p>Ich stelle keine Diagnosen und gebe keine Heilversprechen!<\/p>\n<p>Mein Angebot dient der Selbsthilfe und damit der Reaktivierung und St\u00e4rkung Deiner Selbstheilungskr\u00e4fte sowie der Verbesserung Deiner Lebensqualit\u00e4t. Es richtet sich an Personen die bewusster sein und so ihr Potenzial entfalten wollen.<\/p>\n<p>Jede Person \u00fcbernimmt die volle Verantwortung f\u00fcr den Umgang mit den ihr \u00fcberlassenen Informationen.<\/p>\n<p>Ich bin weder direkt, noch indirekt f\u00fcr unerw\u00fcnschte Reaktionen haftbar, die durch die eigenst\u00e4ndige Anwendung der \u00fcberlassenen Informationen entstehen.[\/vc_column_text][vc_column_text]<span style=\"color: #999999;\"><em>Bildquelle: C.Sch\u00fc\u00dfler \u2013 stock.adobe.com<\/em><\/span>[\/vc_column_text][\/vc_column][vc_column width=&#8221;1\/6&#8243; css=&#8221;.vc_custom_1623958337915{padding-top: 1em !important;background-color: #f5d530 !important;border-radius: 5px !important;}&#8221;][vc_wp_custommenu nav_menu=&#8221;7&#8243;][\/vc_column][\/vc_row]<\/p>\n","protected":false},"excerpt":{"rendered":"<p>[vc_row][vc_column width=&#8221;1\/6&#8243;][\/vc_column][vc_column width=&#8221;2\/3&#8243;][vc_column_text] Vortr\u00e4ge In meinen Vortr\u00e4gen erz\u00e4hle ich von meinen Erfahrungen und Wahrnehmungen. So biete ich Ihnen die M\u00f6glichkeit, die Informationen und Erkenntnisse, Werkzeuge, Impulse und M\u00f6glichkeiten zu finden und zu nutzen, die f\u00fcr Sie gerade hilfreich sind und die Sie bei Ihren n\u00e4chsten Schritten unterst\u00fctzen k\u00f6nnen. Ich erinnere Sie an das Wissen, das&hellip;<\/p>\n","protected":false},"author":1,"featured_media":0,"parent":6,"menu_order":1,"comment_status":"closed","ping_status":"closed","template":"","meta":[],"_links":{"self":[{"href":"https:\/\/emf-mediation.de\/1552820241838\/wp-json\/wp\/v2\/pages\/467"}],"collection":[{"href":"https:\/\/emf-mediation.de\/1552820241838\/wp-json\/wp\/v2\/pages"}],"about":[{"href":"https:\/\/emf-mediation.de\/1552820241838\/wp-json\/wp\/v2\/types\/page"}],"author":[{"embeddable":true,"href":"https:\/\/emf-mediation.de\/1552820241838\/wp-json\/wp\/v2\/users\/1"}],"replies":[{"embeddable":true,"href":"https:\/\/emf-mediation.de\/1552820241838\/wp-json\/wp\/v2\/comments?post=467"}],"version-history":[{"count":17,"href":"https:\/\/emf-mediation.de\/1552820241838\/wp-json\/wp\/v2\/pages\/467\/revisions"}],"predecessor-version":[{"id":925,"href":"https:\/\/emf-mediation.de\/1552820241838\/wp-json\/wp\/v2\/pages\/467\/revisions\/925"}],"up":[{"embeddable":true,"href":"https:\/\/emf-mediation.de\/1552820241838\/wp-json\/wp\/v2\/pages\/6"}],"wp:attachment":[{"href":"https:\/\/emf-mediation.de\/1552820241838\/wp-json\/wp\/v2\/media?parent=467"}],"curies":[{"name":"wp","href":"https:\/\/api.w.org\/{rel}","templated":true}]}}