{"id":484,"date":"2021-05-15T06:12:31","date_gmt":"2021-05-15T04:12:31","guid":{"rendered":"http:\/\/emf-mediation.de\/1552820241838\/?page_id=484"},"modified":"2022-01-16T17:53:18","modified_gmt":"2022-01-16T16:53:18","slug":"kurse-seminare-workshops","status":"publish","type":"page","link":"https:\/\/emf-mediation.de\/1552820241838\/leistungen\/kurse-seminare-workshops\/","title":{"rendered":"Kurse, Seminare, Workshops"},"content":{"rendered":"<p>[vc_row][vc_column width=&#8221;1\/6&#8243;][\/vc_column][vc_column width=&#8221;2\/3&#8243;][vc_column_text]<\/p>\n<h1>Kurse, Seminare, Workshops<\/h1>\n<p>Derzeit biete ich individuelle Kurse, Seminare und Workshops auf Kundenanfrage an und freue mich \u00fcber Ihre Kontaktaufnahme.<\/p>\n<p>Die Veranstaltungen k\u00f6nnen in den R\u00e4umen des Albert-Schweizer-Hauses in Bonn, bei Ihnen oder an dem Ort an dem das Pferd bzw. die Pferde leben stattfinden.[\/vc_column_text]<style type=\"text\/css\" data-type=\"the7_shortcodes-inline-css\">#default-btn-4bd6e40761cffdc92736e234c8b711f5.ico-right-side > i {\n  margin-right: 0px;\n  margin-left: 8px;\n}\n#default-btn-4bd6e40761cffdc92736e234c8b711f5 > i {\n  margin-right: 8px;\n}\n#default-btn-4bd6e40761cffdc92736e234c8b711f5 * {\n  vertical-align: middle;\n}\n<\/style><a href=\"mailto:kontakt@emf-mediation.de\" class=\"default-btn-shortcode dt-btn dt-btn-m link-hover-off btn-inline-left  vc_custom_1642351983052\" id=\"default-btn-4bd6e40761cffdc92736e234c8b711f5\" title=\"Anfrage schicken\"><span>Anfrage schicken<\/span><\/a>[vc_column_text]<span style=\"color: #999999;\"><em>Bildquelle: C.Sch\u00fc\u00dfler \u2013 stock.adobe.com<\/em><\/span>[\/vc_column_text][\/vc_column][vc_column width=&#8221;1\/6&#8243; css=&#8221;.vc_custom_1623958371848{padding-top: 1em !important;background-color: #f5d530 !important;border-radius: 5px !important;}&#8221;][vc_wp_custommenu nav_menu=&#8221;7&#8243;][\/vc_column][\/vc_row]<\/p>\n","protected":false},"excerpt":{"rendered":"<p>[vc_row][vc_column width=&#8221;1\/6&#8243;][\/vc_column][vc_column width=&#8221;2\/3&#8243;][vc_column_text] Kurse, Seminare, Workshops Derzeit biete ich individuelle Kurse, Seminare und Workshops auf Kundenanfrage an und freue mich \u00fcber Ihre Kontaktaufnahme. Die Veranstaltungen k\u00f6nnen in den R\u00e4umen des Albert-Schweizer-Hauses in Bonn, bei Ihnen oder an dem Ort an dem das Pferd bzw. die Pferde leben stattfinden.[\/vc_column_text][vc_column_text]Bildquelle: C.Sch\u00fc\u00dfler \u2013 stock.adobe.com[\/vc_column_text][\/vc_column][vc_column width=&#8221;1\/6&#8243; css=&#8221;.vc_custom_1623958371848{padding-top: 1em !important;background-color:&hellip;<\/p>\n","protected":false},"author":3,"featured_media":0,"parent":6,"menu_order":3,"comment_status":"closed","ping_status":"closed","template":"","meta":[],"_links":{"self":[{"href":"https:\/\/emf-mediation.de\/1552820241838\/wp-json\/wp\/v2\/pages\/484"}],"collection":[{"href":"https:\/\/emf-mediation.de\/1552820241838\/wp-json\/wp\/v2\/pages"}],"about":[{"href":"https:\/\/emf-mediation.de\/1552820241838\/wp-json\/wp\/v2\/types\/page"}],"author":[{"embeddable":true,"href":"https:\/\/emf-mediation.de\/1552820241838\/wp-json\/wp\/v2\/users\/3"}],"replies":[{"embeddable":true,"href":"https:\/\/emf-mediation.de\/1552820241838\/wp-json\/wp\/v2\/comments?post=484"}],"version-history":[{"count":16,"href":"https:\/\/emf-mediation.de\/1552820241838\/wp-json\/wp\/v2\/pages\/484\/revisions"}],"predecessor-version":[{"id":924,"href":"https:\/\/emf-mediation.de\/1552820241838\/wp-json\/wp\/v2\/pages\/484\/revisions\/924"}],"up":[{"embeddable":true,"href":"https:\/\/emf-mediation.de\/1552820241838\/wp-json\/wp\/v2\/pages\/6"}],"wp:attachment":[{"href":"https:\/\/emf-mediation.de\/1552820241838\/wp-json\/wp\/v2\/media?parent=484"}],"curies":[{"name":"wp","href":"https:\/\/api.w.org\/{rel}","templated":true}]}}