{"id":506,"date":"2021-05-15T14:24:08","date_gmt":"2021-05-15T12:24:08","guid":{"rendered":"http:\/\/emf-mediation.de\/1552820241838\/?page_id=506"},"modified":"2022-01-16T18:20:10","modified_gmt":"2022-01-16T17:20:10","slug":"zentrum-fuer-ganzheitliches-reiten-2","status":"publish","type":"page","link":"https:\/\/emf-mediation.de\/1552820241838\/pferde\/zentrum-fuer-ganzheitliches-reiten-2\/","title":{"rendered":"Zentrum f\u00fcr ganzheitliches Reiten"},"content":{"rendered":"<p>[vc_row][vc_column width=&#8221;1\/6&#8243;][\/vc_column][vc_column width=&#8221;2\/3&#8243;][vc_column_text]<\/p>\n<h1>Zentrum f\u00fcr ganzheitliches Reiten<\/h1>\n<p>Mein Traum vom erf\u00fcllten Leben mit den Pferden, entwickelt sich immer wieder zum Wunsch eines \u201ceigenen\u201c Stalls, eines \u201eZentrums f\u00fcr ganzheitliches Reiten\u201c, in dem es weniger um das Reiten an sich als um Wahrnehmung, Bewusstwerdung und um das Miteinander geht und sich damit nicht nur an Reiter und Pferdehalter sondern an alle Menschen richtet, die sich wirklich pers\u00f6nlich weiterentwickeln m\u00f6chten.<\/p>\n<p>Dieses Zentrum hat eine ganz besondere Energie, sehr lichtvoll, rein und frei. Es ist ein heiliger, gesch\u00fctzter Ort, der in einer besonders bewussten Verbindung zur Erde und zum Kosmos steht und dient der pers\u00f6nlichen Anbindung, Wahrnehmung, Heilwerdung und R\u00fcckerinnerung und damit der freien Entfaltung dessen, was jeder Einzelne in seinem Wesenskern ist \u2026 Liebeslicht gepaart mit seinen ganz individuellen F\u00e4higkeiten und seinem Seelenplan und damit seinen Teil zum gro\u00dfen Ganzen beitr\u00e4gt.<\/p>\n<p>Da ich mich Pferden sehr nah f\u00fchle und mit erf\u00fcllender Freude dabei unterst\u00fctze, heilvoller und verstandener in der Obhut von uns Menschen leben zu k\u00f6nnen, ist meine Vision dieses Zentrum in dieser kombinierten Form (f\u00fcr Menschen und Pferde). Es bietet den Raum f\u00fcr die offenen Pferdeliebhaber, die gerne ihr eigenes Bewusstsein erweitern m\u00f6chten, mitsamt den dazugeh\u00f6rigen Pferden.<\/p>\n<p>Da ich diesen Raum bislang noch nicht irdisch gefunden habe, biete ich derzeit an zu Ihnen bzw. &#8220;Ihrem&#8221; Pferd zu fahren.<\/p>\n<p>Wie und wo genau ich dieses Zentrum er\u00f6ffne, wei\u00df ich noch nicht. Auch wei\u00df ich noch nicht, ob ich es alleine oder mit jemandem gemeinsam realisiere. Sicher ist, dass ich es nur realisieren werde, wenn es sich richtig anf\u00fchlt, da mir bewusst ist, dass es nur am richtigen Ort und zur richtigen Zeit heilvoll wachsen und gedeihen kann.<\/p>\n<p>Mehr \u00fcber das Zentrum f\u00fcr ganzheitliches Reiten erfahren Sie unter dem Men\u00fcpunkt &#8220;Visionen&#8221; und dann &#8220;Pferdezentrum&#8221; und selbstverst\u00e4ndlich freue ich mich sehr \u00fcber Ihren Anruf, sollte Sie diese Vision ansprechen und Sie entsprechende R\u00e4umlichkeiten kennen.[\/vc_column_text][\/vc_column][vc_column width=&#8221;1\/6&#8243; css=&#8221;.vc_custom_1623958479295{padding-top: 1em !important;background-color: #f5d530 !important;border-radius: 5px !important;}&#8221;][vc_wp_custommenu nav_menu=&#8221;6&#8243;][\/vc_column][\/vc_row][vc_row][vc_column][vc_single_image image=&#8221;734&#8243; img_size=&#8221;full&#8221; alignment=&#8221;center&#8221; css=&#8221;.vc_custom_1624478441455{margin-top: 5px !important;margin-bottom: 5px !important;}&#8221;][\/vc_column][\/vc_row]<\/p>\n","protected":false},"excerpt":{"rendered":"<p>[vc_row][vc_column width=&#8221;1\/6&#8243;][\/vc_column][vc_column width=&#8221;2\/3&#8243;][vc_column_text] Zentrum f\u00fcr ganzheitliches Reiten Mein Traum vom erf\u00fcllten Leben mit den Pferden, entwickelt sich immer wieder zum Wunsch eines \u201ceigenen\u201c Stalls, eines \u201eZentrums f\u00fcr ganzheitliches Reiten\u201c, in dem es weniger um das Reiten an sich als um Wahrnehmung, Bewusstwerdung und um das Miteinander geht und sich damit nicht nur an Reiter und&hellip;<\/p>\n","protected":false},"author":3,"featured_media":0,"parent":497,"menu_order":5,"comment_status":"closed","ping_status":"closed","template":"","meta":[],"_links":{"self":[{"href":"https:\/\/emf-mediation.de\/1552820241838\/wp-json\/wp\/v2\/pages\/506"}],"collection":[{"href":"https:\/\/emf-mediation.de\/1552820241838\/wp-json\/wp\/v2\/pages"}],"about":[{"href":"https:\/\/emf-mediation.de\/1552820241838\/wp-json\/wp\/v2\/types\/page"}],"author":[{"embeddable":true,"href":"https:\/\/emf-mediation.de\/1552820241838\/wp-json\/wp\/v2\/users\/3"}],"replies":[{"embeddable":true,"href":"https:\/\/emf-mediation.de\/1552820241838\/wp-json\/wp\/v2\/comments?post=506"}],"version-history":[{"count":9,"href":"https:\/\/emf-mediation.de\/1552820241838\/wp-json\/wp\/v2\/pages\/506\/revisions"}],"predecessor-version":[{"id":780,"href":"https:\/\/emf-mediation.de\/1552820241838\/wp-json\/wp\/v2\/pages\/506\/revisions\/780"}],"up":[{"embeddable":true,"href":"https:\/\/emf-mediation.de\/1552820241838\/wp-json\/wp\/v2\/pages\/497"}],"wp:attachment":[{"href":"https:\/\/emf-mediation.de\/1552820241838\/wp-json\/wp\/v2\/media?parent=506"}],"curies":[{"name":"wp","href":"https:\/\/api.w.org\/{rel}","templated":true}]}}