{"id":508,"date":"2021-05-15T14:26:17","date_gmt":"2021-05-15T12:26:17","guid":{"rendered":"http:\/\/emf-mediation.de\/1552820241838\/?page_id=508"},"modified":"2022-01-16T18:14:51","modified_gmt":"2022-01-16T17:14:51","slug":"sportpartner-pferd","status":"publish","type":"page","link":"https:\/\/emf-mediation.de\/1552820241838\/pferde\/sportpartner-pferd\/","title":{"rendered":"Sportpartner Pferd"},"content":{"rendered":"<p>[vc_row][vc_column width=&#8221;1\/6&#8243;][\/vc_column][vc_column width=&#8221;2\/3&#8243;][vc_column_text]<\/p>\n<h1>Sportpartner Pferd<\/h1>\n<p>Wenn Sie sich z.B. mit einem Bekannten zum Laufen, Fahrrad fahren, Squashen, Tennis spielen, Tauchen etc. verabreden, besprechen Sie, wann und wo es beiden passt und vor Ort tauschen Sie sicherlich auch einige pers\u00f6nliche Worte.<\/p>\n<p>Wenn Sie z.B. mit einem Doppelpartner an einem (Tisch-)Tennisturnier teilnehmen, oder eine Mannschaft ein Spiel hat, besprechen Sie gemeinsam eine Strategie.<\/p>\n<p>Und wie ist das beim Reiten?! Sie haben einen Trainer, Freunde, Familie, Kollegen, Pferdepfleger, mit denen Sie sich besprechen.<\/p>\n<p>Doch was ist mit dem Sportpartner Pferd?<\/p>\n<p>Beim Springreiten zum Beispiel geht jeder Reiter i.d.R. den Parcours vorher sogar pers\u00f6nlich ab, um sich einen \u00dcberblick zu verschaffen, komplizierte Distanzen und Kombinationen anzuschauen und abzumessen.<\/p>\n<p>Wie viele Reiter zeigen ihrem Partner Pferd gedanklich den Parcours und besprechen eine GEMEINSAME Strategie? Und m\u00f6chte Ihr Pferd das heute \u00fcberhaupt? Oder m\u00f6chte es sich lieber \u201e\u00fcberraschen\u201c lassen, weil das doch der ganze Spa\u00df an der Sache ist?<\/p>\n<p>Fragen Sie Ihr Pferd doch einfach und ich bin sicher, mit etwas \u00dcbung und Offenheit, werden sie intuitiv die Antworten finden.<\/p>\n<p>Ich bin \u00fcberzeugt davon, dass gerade Menschen, die sich bewusst f\u00fcr ein so enges Zusammenleben mit Pferden ausgesucht haben auch in der Lage sind, ganz nat\u00fcrlich mit Ihnen zu kommunizieren, jeder auf seine ganz pers\u00f6nliche Weise.<\/p>\n<p>Nur w\u00fcrden Sie h\u00f6ren wollen, was Sie dort h\u00f6ren?<br \/>\nWollen Sie wirklich einen Sportpartner, der Ihnen auch ein Feedback gibt?<\/p>\n<p>Wenn Sie diese beiden Fragen klar mit \u201eJA\u201c beantworten und nur nicht wissen, wie Sie dahin kommen, kann ich Ihnen sicherlich einige Tipps und Hinweise geben.<br \/>\nSo k\u00f6nnen wir gemeinsam wahrnehmen, ob das Pferd z.B. unter- oder \u00fcberfordert ist, ob und warum es z.B. keinen Spa\u00df hat. Sicherlich erhalte ich kreative L\u00f6sungsm\u00f6glichkeiten, die Sie dann gerne ausprobieren k\u00f6nnen.<\/p>\n<p>Vielleicht nehmen wir wahr, dass das Pferd keinen Sinn in dem sieht, was der Reiter von ihm m\u00f6chte oder seinen Reiter evtl. auch einfach nicht versteht evtl. auch nicht verstehen m\u00f6chte oder es witzig findet, den Reiter zu provozieren, was dieser meist gar nicht witzig findet. Egal, wie das Pferd reagiert, tut es das doch, damit wir es wahrnehmen, verstehen und h\u00e4ufig m\u00f6chte es uns auch einfach bei unserer Bewusstseinserweiterung unterst\u00fctzen, vielleicht etwas die Schwere aus unseren Handlungen und damit auch unserem Leben nehmen.<\/p>\n<p>So k\u00f6nnen wir das Wesen des Pferdes erkennen und unseren Umgang mit ihm entsprechend anpassen und unser Verh\u00e4ltnis harmonisieren.<\/p>\n<p>Es sind h\u00e4ufig keine bahnbrechenden Neuigkeiten, die ich wahrnehme, denn Sie haben es sicherlich selbst bereits wahrgenommen. Jedoch kann ich durch meine klare und deutliche Art vieles einfach auf den Punkt bringen, dadurch bewusst machen und kreative, individuelle L\u00f6sungsm\u00f6glichkeiten anbieten.<\/p>\n<p>H\u00e4ufig machen kleine \u00c4nderungen im Umgang miteinander den Unterschied.<\/p>\n<p>Das Wahrnehmen, Verstehen und aufeinander Eingehen kann Berge versetzen.<\/p>\n<p>Des Weiteren nehme ich auch energetisch wahr, wo der K\u00f6rper Unterst\u00fctzung ben\u00f6tigt; auf welcher Ebene das ist; also ob es eher vom physischen K\u00f6rper kommt, ob es ein emotionales Trauma ist oder eine mentale Blockade. Oft spielen auch viele Aspekte zusammen, da sich oft aus einem fr\u00fcheren Erlebnis ein emotionales Trauma gebildet hat, das zu einer mentalen Blockade gef\u00fchrt hat, die den Energiefluss ins Stocken gebracht hat und aus dem sich dann mit der Zeit physische Auswirkungen zeigen.<\/p>\n<p>Insbesondere bei der Arbeit mit unseren geliebten Pferden spielt dann ihre Natur (als Fluchttier) sowie ihre Liebe zu uns eine gro\u00dfe Rolle, da Pferde unglaublich wenig Schmerz zeigen, viel ausgleichen und meist erst wenn gar nichts mehr geht Krankheiten zeigen und deren Ursache dann bereits Jahre zur\u00fcck liegen kann. Bis dahin kann das Pferd dann sogar erfolgreich im Spitzensport aktiv sein.<\/p>\n<p>Indem wir bereits feinstofflich wahrnehmen, wie es um die Pferde steht, k\u00f6nnen wir so prima vorbeugend handeln, bevor ein Trauma oder eine Blockade sich im physischen K\u00f6rper manifestiert hat.<\/p>\n<p>Meine St\u00e4rke ist es hierbei sehr individuell das gerade aufl\u00f6sbare Thema erfassen und Ihnen L\u00f6sungsm\u00f6glichkeiten anbieten zu k\u00f6nnen.<br \/>\nDurch meine neutrale Kreativit\u00e4t kann ich solange nach L\u00f6sungsm\u00f6glichkeiten Ausschau halten, bis ich diejenige finde, die Anklang bei Ihnen findet.<br \/>\nHierbei werden wir vermutlich auch auf Themen sto\u00dfen, die Ihre pers\u00f6nliche Weiterentwicklung und Bewusstwerdung voran bringt. So dass individuelle Einzelgespr\u00e4che zu Ihrer pers\u00f6nlichen Entwicklung h\u00e4ufig die logische Konsequenz und einfach eine wundervolle M\u00f6glichkeit bilden.<\/p>\n<p>Und selbstverst\u00e4ndlich k\u00f6nnen wir auch ganz direkt an Ihrer pers\u00f6nlichen Bewusstwerdung und der Entfaltung Ihres Potenzials arbeiten.<\/p>\n<p>So, wie ich bei einem Pferd wahrnehmen kann, was gerade zur Bewusstwerdung, Aufl\u00f6sung, Wandlung und Transformation bereit ist, kann ich nat\u00fcrlich auch bei einem Menschen ebenso schauen, was seine Seele mir zeigt, h\u00f6ren, was Sie mir mitteilen und wahrnehmen, wie Sie sich damit f\u00fchlen.<br \/>\nAuch hier kann meine klare, neutrale, wohlwollende Art Sie in Ihren pers\u00f6nlichen Prozessen unterst\u00fctzen.<br \/>\nVielleicht darf ich auch Ihnen L\u00f6sungsm\u00f6glichkeiten aufzeigen oder wir schauen es uns einfach gemeinsam an und lassen Sie sich selbst heilen.<br \/>\nDenn wir tragen bereits alles in uns und indem wir unsere Aufmerksamkeit bewusst auf etwas lenken, geben wir ihm Kraft.<\/p>\n<p>Wenn wir die in uns steckende Heilkraft wieder ins Flie\u00dfen bringen, k\u00f6nnen wir uns selbst heilen.<\/p>\n<p>Ja, es geht darum, unser Bewusstsein zu erweitern, unserer Pers\u00f6nlichkeit Raum zu geben, damit sie sich entfalten kann, um den Weg f\u00fcr unsere pers\u00f6nlichen Ziele frei zu machen, damit wir sie schnellstm\u00f6glich heilvoll erreichen k\u00f6nnen.<\/p>\n<p>Ich zeige Ihnen und Ihrem Pferd und Ihnen gemeinsam, wie Sie und Ihr Pferd jeweils sich selbst und auch den Anderen wahrnehmen k\u00f6nnen und in Ihrer Entwicklung weiter f\u00fchren k\u00f6nnen und sich damit gegenseitig unterst\u00fctzen und verstehen lernen. Das wird Ihr Verh\u00e4ltnis nachhaltig ver\u00e4ndern und Sie k\u00f6nnen gemeinsam wachsen. Welch eine Freude![\/vc_column_text][\/vc_column][vc_column width=&#8221;1\/6&#8243; css=&#8221;.vc_custom_1623958423638{padding-top: 1em !important;background-color: #f5d530 !important;border-radius: 5px !important;}&#8221;][vc_wp_custommenu nav_menu=&#8221;6&#8243;][\/vc_column][\/vc_row][vc_row][vc_column][vc_single_image image=&#8221;734&#8243; img_size=&#8221;full&#8221; alignment=&#8221;center&#8221; css=&#8221;.vc_custom_1624478294695{margin-top: 5px !important;margin-bottom: 5px !important;}&#8221;][\/vc_column][\/vc_row]<\/p>\n","protected":false},"excerpt":{"rendered":"<p>[vc_row][vc_column width=&#8221;1\/6&#8243;][\/vc_column][vc_column width=&#8221;2\/3&#8243;][vc_column_text] Sportpartner Pferd Wenn Sie sich z.B. mit einem Bekannten zum Laufen, Fahrrad fahren, Squashen, Tennis spielen, Tauchen etc. verabreden, besprechen Sie, wann und wo es beiden passt und vor Ort tauschen Sie sicherlich auch einige pers\u00f6nliche Worte. Wenn Sie z.B. mit einem Doppelpartner an einem (Tisch-)Tennisturnier teilnehmen, oder eine Mannschaft ein Spiel&hellip;<\/p>\n","protected":false},"author":3,"featured_media":0,"parent":497,"menu_order":1,"comment_status":"closed","ping_status":"closed","template":"","meta":[],"_links":{"self":[{"href":"https:\/\/emf-mediation.de\/1552820241838\/wp-json\/wp\/v2\/pages\/508"}],"collection":[{"href":"https:\/\/emf-mediation.de\/1552820241838\/wp-json\/wp\/v2\/pages"}],"about":[{"href":"https:\/\/emf-mediation.de\/1552820241838\/wp-json\/wp\/v2\/types\/page"}],"author":[{"embeddable":true,"href":"https:\/\/emf-mediation.de\/1552820241838\/wp-json\/wp\/v2\/users\/3"}],"replies":[{"embeddable":true,"href":"https:\/\/emf-mediation.de\/1552820241838\/wp-json\/wp\/v2\/comments?post=508"}],"version-history":[{"count":13,"href":"https:\/\/emf-mediation.de\/1552820241838\/wp-json\/wp\/v2\/pages\/508\/revisions"}],"predecessor-version":[{"id":781,"href":"https:\/\/emf-mediation.de\/1552820241838\/wp-json\/wp\/v2\/pages\/508\/revisions\/781"}],"up":[{"embeddable":true,"href":"https:\/\/emf-mediation.de\/1552820241838\/wp-json\/wp\/v2\/pages\/497"}],"wp:attachment":[{"href":"https:\/\/emf-mediation.de\/1552820241838\/wp-json\/wp\/v2\/media?parent=508"}],"curies":[{"name":"wp","href":"https:\/\/api.w.org\/{rel}","templated":true}]}}