{"id":510,"date":"2021-05-15T14:30:09","date_gmt":"2021-05-15T12:30:09","guid":{"rendered":"http:\/\/emf-mediation.de\/1552820241838\/?page_id=510"},"modified":"2022-01-16T18:15:28","modified_gmt":"2022-01-16T17:15:28","slug":"zucht-aufzucht-junge-pferde","status":"publish","type":"page","link":"https:\/\/emf-mediation.de\/1552820241838\/pferde\/zucht-aufzucht-junge-pferde\/","title":{"rendered":"Zucht, Aufzucht, Junge Pferde"},"content":{"rendered":"<p>[vc_row][vc_column width=&#8221;1\/6&#8243;][\/vc_column][vc_column width=&#8221;2\/3&#8243;][vc_column_text]<\/p>\n<h1>Zucht, Aufzucht, Junge Pferde<\/h1>\n<p>Sie z\u00fcchten Pferde bzw. begleiten Pferde in Ihren ersten Lebensjahren und m\u00f6chten Ihnen einen guten Start mit viel Verst\u00e4ndnis, ein gutes Ankommen im eigenen K\u00f6rper und eine bewusste Verbindung zu ihrem Selbst erm\u00f6glichen?<\/p>\n<p>In diesem Fall komme ich sehr gerne zu Ihnen, damit diese jungen Pferde in ihrer gewohnten Umgebung sehen, wie viel Liebe und Achtung man Ihnen und Ihrem Willen entgegen bringt.<\/p>\n<p>Gerne k\u00f6nnen wir gemeinsam schauen, was Ihre Pferde auszeichnet, wie bewusst sie sind, was sie sich w\u00fcnschen und was Sie Ihnen geben m\u00f6chten.[\/vc_column_text][vc_column_text]<\/p>\n<h2>Aufzucht<\/h2>\n<p>Ja, sicherlich hatte ich auch schon den Gedanken, dass ich Menschen die M\u00f6glichkeit gebe, Fohlen die M\u00f6glichkeit zu bieten die ersten Lebensjahre auf meiner Anlage zu verbringen und ihnen so einen sehr guten Start in diese Inkarnation zu bieten.<\/p>\n<p>Jedoch habe ich diese Idee bisher immer wieder verworfen. Der Unterschied zwischen dem Leben auf meiner Anlage und den sp\u00e4teren Lebensbedingungen w\u00e4re doch zu gro\u00df und damit traumatisierend. Jetzt jedoch erkenne ich, dass mehr und mehr Menschen den Pferden bessere Lebensbedingungen bieten m\u00f6chten. So w\u00e4chst die Vorstellung in mir heran, dass ich das ein oder andere Pferd in den ersten Lebensjahren aufnehme und es dabei unterst\u00fctze, frei zu werden sowie die Menschen und das Leben, die M\u00f6glichkeiten auf der Erde besser zu verstehen. In Verbindung mit der eigenen pers\u00f6nlichen Bewusstseinsentwicklung des dazugeh\u00f6rigen Menschen k\u00f6nnte ich es mir heute in Einzelf\u00e4llen durchaus vorstellen.<\/p>\n<p>Aber viel eher sehe ich mich als Ratgeberin f\u00fcr Z\u00fcchter, die eigene M\u00f6glichkeiten nutzen und diese einfach optimieren wollen und f\u00fcr neue, kreative Impulse und Sichtweisen offen sind.[\/vc_column_text][vc_column_text]<\/p>\n<h2>Junge Pferde<\/h2>\n<p>Bei jungen Pferden erkennt man meist sehr schnell, was ihnen Freude bereitet, wo ihre Talente und Potenziale liegen aber auch was sie hindert, was sie verstehen, was sie sich w\u00fcnschen und wie man sie unterst\u00fctzen kann.<\/p>\n<p>Auch Tiere entwickeln sich schneller, wenn sie verstehen, worum es geht und wir Ihnen Verst\u00e4ndnis und Liebe entgegenbringen.<\/p>\n<p>Je l\u00e4nger man bereits \u201efunktioniert\u201c hat anstatt zu leben, desto mehr Programmierungen, Konzepte etc. sind meist da, die erst beseitigt werden m\u00fcssen, um das Potenzial wieder freizulegen. Und je st\u00e4rker ein Reiter ist, desto mehr Einfluss nimmt er auf das Pferd. So habe ich festgestellt, dass einige Menschen, z.B. Olympiasieger, eine enorme Gedankenkraft haben und diese auch einsetzen und somit \u201edurchschnittstalentierten\u201c Pferde mit scheinbarer Leichtigkeit in den Spitzensport bringen k\u00f6nnen. Andere Reiter reiten mit weit ge\u00f6ffnetem Herzen und so tun die Pferde alles in ihrer Macht stehende f\u00fcr diese Reiter und auch sie sind so im Spitzensport zu sehen. Stellen Sie sich nun vor, man kombiniert diese Potenziale. Das potenziert das Ergebnis und macht bisher Unglaubliches m\u00f6glich.[\/vc_column_text][\/vc_column][vc_column width=&#8221;1\/6&#8243; css=&#8221;.vc_custom_1623958450332{padding-top: 1em !important;background-color: #f5d530 !important;border-radius: 5px !important;}&#8221;][vc_wp_custommenu nav_menu=&#8221;6&#8243;][\/vc_column][\/vc_row][vc_row][vc_column][vc_single_image image=&#8221;734&#8243; img_size=&#8221;full&#8221; alignment=&#8221;center&#8221; css=&#8221;.vc_custom_1624478376412{margin-top: 5px !important;margin-bottom: 5px !important;}&#8221;][\/vc_column][\/vc_row]<\/p>\n","protected":false},"excerpt":{"rendered":"<p>[vc_row][vc_column width=&#8221;1\/6&#8243;][\/vc_column][vc_column width=&#8221;2\/3&#8243;][vc_column_text] Zucht, Aufzucht, Junge Pferde Sie z\u00fcchten Pferde bzw. begleiten Pferde in Ihren ersten Lebensjahren und m\u00f6chten Ihnen einen guten Start mit viel Verst\u00e4ndnis, ein gutes Ankommen im eigenen K\u00f6rper und eine bewusste Verbindung zu ihrem Selbst erm\u00f6glichen? In diesem Fall komme ich sehr gerne zu Ihnen, damit diese jungen Pferde in ihrer&hellip;<\/p>\n","protected":false},"author":3,"featured_media":0,"parent":497,"menu_order":3,"comment_status":"closed","ping_status":"closed","template":"","meta":[],"_links":{"self":[{"href":"https:\/\/emf-mediation.de\/1552820241838\/wp-json\/wp\/v2\/pages\/510"}],"collection":[{"href":"https:\/\/emf-mediation.de\/1552820241838\/wp-json\/wp\/v2\/pages"}],"about":[{"href":"https:\/\/emf-mediation.de\/1552820241838\/wp-json\/wp\/v2\/types\/page"}],"author":[{"embeddable":true,"href":"https:\/\/emf-mediation.de\/1552820241838\/wp-json\/wp\/v2\/users\/3"}],"replies":[{"embeddable":true,"href":"https:\/\/emf-mediation.de\/1552820241838\/wp-json\/wp\/v2\/comments?post=510"}],"version-history":[{"count":8,"href":"https:\/\/emf-mediation.de\/1552820241838\/wp-json\/wp\/v2\/pages\/510\/revisions"}],"predecessor-version":[{"id":783,"href":"https:\/\/emf-mediation.de\/1552820241838\/wp-json\/wp\/v2\/pages\/510\/revisions\/783"}],"up":[{"embeddable":true,"href":"https:\/\/emf-mediation.de\/1552820241838\/wp-json\/wp\/v2\/pages\/497"}],"wp:attachment":[{"href":"https:\/\/emf-mediation.de\/1552820241838\/wp-json\/wp\/v2\/media?parent=510"}],"curies":[{"name":"wp","href":"https:\/\/api.w.org\/{rel}","templated":true}]}}