{"id":521,"date":"2021-05-17T07:26:38","date_gmt":"2021-05-17T05:26:38","guid":{"rendered":"http:\/\/emf-mediation.de\/1552820241838\/?page_id=521"},"modified":"2022-01-16T18:15:48","modified_gmt":"2022-01-16T17:15:48","slug":"fabulous-samarkant","status":"publish","type":"page","link":"https:\/\/emf-mediation.de\/1552820241838\/pferde\/fabulous-samarkant\/","title":{"rendered":"Fabulous Samarkant"},"content":{"rendered":"<p>[vc_row][vc_column width=&#8221;1\/6&#8243;][\/vc_column][vc_column width=&#8221;2\/3&#8243;][vc_column_text]<\/p>\n<h1>Fabulous Samarkant<\/h1>\n<p>Im Alter von 1,5 Jahren waren seine Aussichten in den Spitzensport zu kommen oder \u00fcberhaupt als Reitpferd dienen zu k\u00f6nnen mehr als gering. Er konnte nur mit M\u00fche traben, konnte nicht mit gesenktem Kopf gehen und er ist sehr h\u00e4ufig hingefallen, weil er sich einfach nicht ausbalancieren oder mit der Hinterhand abst\u00fctzen konnte.<\/p>\n<p>Es war wohl vorgesehen, dass ich das mitbekam und er im Alter von 2,5 Jahren zu mir kommen durfte. Wir verabredeten, dass ich keine \u201eReitbedingung\u201c an sein Leben in meiner Obhut kn\u00fcpfe. Ich liebe ihn, er erf\u00fcllt meine Seele mit Freude und \u00f6ffnet immer wieder mein Herz und f\u00fchrt mich zur\u00fcck zu dem, was wirklich wichtig ist. Seine Lebensfreude und Leichtigkeit sind mir ein Vorbild. Er hat sich nie als krank angesehen und ist einfach an allem interessiert, mutig und neugierig, verspielt, hellsichtig und super intelligent und eine sehr sehr weise Seele. Ich sehe in ihm durchaus auch einen Lehrer, indem er mich spiegelt, oder mir stur sagt, was er m\u00f6chte und was nicht und dass ich bitte sch\u00f6n hinh\u00f6ren oder hinsehen soll und nicht einfach mein Ding machen soll. So erinnert er mich immer wieder daran, dass er ein eigenst\u00e4ndiges Wesen ist und ich nicht einfach so in seine R\u00e4ume eindringen und \u00fcber ihn bestimmen soll. Er fordert mich auf, L\u00f6sungen zu finden, die zum Wohle aller Beteiligten sind und so \u00fcbe ich mich in meiner Ausrichtung auf Win-Win-Situationen. Damit unterst\u00fctzt er mich in meiner eigenen Entwicklung noch viel viel bewusster und feiner zu werden.<\/p>\n<p>Im ersten Winter musste er noch nachts in eine Box, damit sein K\u00f6rper sich erholen konnte. Er selbst wollte jedoch immer raus und unter Seinesgleichen, spielen und leben. Also kam er im Sommer 2018 in einen Offenstall mit zwei weiteren Wallachen, so dass er schon etwas mehr Bewegungsm\u00f6glichkeiten hatte. Ich konnte mich dort sehr gut um ihn k\u00fcmmern und im Winter eindecken, damit er seine Kraft eher f\u00fcr sich selbst als einfach nur zum warm halten nutzen konnte. Nat\u00fcrlich waren F\u00fctterung, Bewegung, Hufpflege, Zusatzmittel und Therapien immer ein Thema und sind es selbstverst\u00e4ndlich heute noch.<\/p>\n<p>Im Fr\u00fchjahr 2020 habe ich einen wundersch\u00f6nen Offenstall mit Paddocktrail und zus\u00e4tzlicher Sommer- und Winterweide gefunden. Hier lebt er nun in einer 9-12 k\u00f6pfigen Gruppe mit 24 h Heu, immer Zugang zu frischem Wasser aus einer volumin\u00f6sen Balltr\u00e4nke am Boden sowie zu zwei gro\u00dfen Strohbetten im festen Stallgeb\u00e4ude. So w\u00e4chst und gedeiht er weiter (er ist mittlerweile bereits 1,80 cm hoch) und zeigt mir deutlich, dass er noch Zeit braucht.<\/p>\n<p>Auch ich erlebe hier eine neue Form des Miteinanders, des Gebens und auch Nehmens, sowie eine sehr sch\u00f6ne offene und konstruktive Atmosph\u00e4re. Vermutlich das Beste, was man auf dreidimensionaler Ebene finden kann.<\/p>\n<p>Und doch entwickeln wir uns beide weiter und w\u00fcnschen uns daf\u00fcr noch viel mehr Raum, Freiheit, Frieden, bewusste Wahrnehmung, Miteinander und Unterst\u00fctzung der Natur und der Naturwesen. Einen Ort, in dem die freie feinstoffliche Wahrnehmung, wahre Gef\u00fchle und die Liebe ganz klar regieren und der Verstand einfach nur ein Hilfsmittel ist und nicht mehr die Verantwortung tr\u00e4gt und Entscheidungen f\u00e4llt. Im Idealfall ein Ort, in dem Mirkoorganismen am Aufbau neuen Lebens ebenso bewusst eingebunden und wertgesch\u00e4tzt werden wie all die feinstofflichen Wesen, die uns und die Erde in unserer Schwingungserh\u00f6hung unterst\u00fctzen. Also einen Ort, der sich bereits im Aufschwung in die Mehrdimensionalit\u00e4t befindet und aus der Dreidimensionalit\u00e4t mit ihren begrenzten M\u00f6glichkeiten aufgestiegen ist.[\/vc_column_text][\/vc_column][vc_column width=&#8221;1\/6&#8243; css=&#8221;.vc_custom_1623958465599{padding-top: 1em !important;background-color: #f5d530 !important;border-radius: 5px !important;}&#8221;][vc_wp_custommenu nav_menu=&#8221;6&#8243;][\/vc_column][\/vc_row][vc_row][vc_column][vc_single_image image=&#8221;734&#8243; img_size=&#8221;full&#8221; alignment=&#8221;center&#8221; css=&#8221;.vc_custom_1624478409193{margin-top: 5px !important;margin-bottom: 5px !important;}&#8221;][\/vc_column][\/vc_row]<\/p>\n","protected":false},"excerpt":{"rendered":"<p>[vc_row][vc_column width=&#8221;1\/6&#8243;][\/vc_column][vc_column width=&#8221;2\/3&#8243;][vc_column_text] Fabulous Samarkant Im Alter von 1,5 Jahren waren seine Aussichten in den Spitzensport zu kommen oder \u00fcberhaupt als Reitpferd dienen zu k\u00f6nnen mehr als gering. Er konnte nur mit M\u00fche traben, konnte nicht mit gesenktem Kopf gehen und er ist sehr h\u00e4ufig hingefallen, weil er sich einfach nicht ausbalancieren oder mit der&hellip;<\/p>\n","protected":false},"author":3,"featured_media":0,"parent":497,"menu_order":4,"comment_status":"closed","ping_status":"closed","template":"","meta":[],"_links":{"self":[{"href":"https:\/\/emf-mediation.de\/1552820241838\/wp-json\/wp\/v2\/pages\/521"}],"collection":[{"href":"https:\/\/emf-mediation.de\/1552820241838\/wp-json\/wp\/v2\/pages"}],"about":[{"href":"https:\/\/emf-mediation.de\/1552820241838\/wp-json\/wp\/v2\/types\/page"}],"author":[{"embeddable":true,"href":"https:\/\/emf-mediation.de\/1552820241838\/wp-json\/wp\/v2\/users\/3"}],"replies":[{"embeddable":true,"href":"https:\/\/emf-mediation.de\/1552820241838\/wp-json\/wp\/v2\/comments?post=521"}],"version-history":[{"count":11,"href":"https:\/\/emf-mediation.de\/1552820241838\/wp-json\/wp\/v2\/pages\/521\/revisions"}],"predecessor-version":[{"id":784,"href":"https:\/\/emf-mediation.de\/1552820241838\/wp-json\/wp\/v2\/pages\/521\/revisions\/784"}],"up":[{"embeddable":true,"href":"https:\/\/emf-mediation.de\/1552820241838\/wp-json\/wp\/v2\/pages\/497"}],"wp:attachment":[{"href":"https:\/\/emf-mediation.de\/1552820241838\/wp-json\/wp\/v2\/media?parent=521"}],"curies":[{"name":"wp","href":"https:\/\/api.w.org\/{rel}","templated":true}]}}