{"id":6,"date":"2019-03-04T17:26:58","date_gmt":"2019-03-04T17:26:58","guid":{"rendered":"http:\/\/emf-mediation.de\/?page_id=6"},"modified":"2022-01-16T17:58:06","modified_gmt":"2022-01-16T16:58:06","slug":"leistungen","status":"publish","type":"page","link":"https:\/\/emf-mediation.de\/1552820241838\/leistungen\/","title":{"rendered":"Leistungen"},"content":{"rendered":"<p>[vc_row][vc_column width=&#8221;1\/6&#8243;][\/vc_column][vc_column width=&#8221;2\/3&#8243;][vc_column_text]<\/p>\n<h1><strong>Leistungen<\/strong><\/h1>\n<p><!-- \/wp:paragraph -->Jetzt hier auf der Erde inkarniert zu sein ist eine Leistung an sich. Durch unsere Anwesenheit, unser Sein, unsere Gedanken, Gef\u00fchle und Handlungen tragen wir unseren Teil zur Energie auf der Erde und damit auch des Universums bei. Es ist somit im wahrsten Sinne des Wortes unser Beitrag. Und das, was wir zu etwas beitragen, ist ja unsere Leistung.<\/p>\n<p>Es gibt viele Wege, die bekanntlich nach Rom f\u00fchren und letztendlich dienen unsere Erlebnisse und Erfahrungen doch der Entwicklung unserer Pers\u00f6nlichkeit, der Entfaltung unseres Bewusstseins, der Nutzung unseres Potenzials und der Aktivierung der Selbstheilungskr\u00e4fte.<\/p>\n<p>Jeder Mensch lebt so sein Leben, bewusster oder unbewusster, eigen- oder fremdgesteuert, ausgerichtet auf den Auf- oder Abbau.<\/p>\n<p>Den Menschen, die sich bewusster, aktiv und lichtvoll in der Eigenverantwortung weiter entwickeln m\u00f6chten und dabei hier und da Impulse und Unterst\u00fctzung w\u00fcnschen, biete ich meine Leistungen an, damit sie den f\u00fcr sich passenden Weg finden.<\/p>\n<p>Vielleicht ist ja auch etwas f\u00fcr Sie dabei.[\/vc_column_text][\/vc_column][vc_column width=&#8221;1\/6&#8243; css=&#8221;.vc_custom_1623958306419{padding-top: 1em !important;background-color: #f5d530 !important;border-radius: 5px !important;}&#8221; el_class=&#8221;emf-sub-menu&#8221;][vc_wp_custommenu nav_menu=&#8221;7&#8243;][\/vc_column][\/vc_row][vc_row][vc_column width=&#8221;1\/6&#8243;][\/vc_column][vc_column width=&#8221;2\/3&#8243;][vc_single_image image=&#8221;734&#8243; img_size=&#8221;full&#8221;][\/vc_column][vc_column width=&#8221;1\/6&#8243;][\/vc_column][\/vc_row][vc_row][vc_column width=&#8221;1\/6&#8243;][\/vc_column][vc_column width=&#8221;2\/3&#8243;][vc_column_text css=&#8221;.vc_custom_1642352256640{margin-bottom: 25px !important;padding-top: 20px !important;padding-right: 20px !important;padding-bottom: 20px !important;padding-left: 20px !important;background-color: #e899f2 !important;border-radius: 15px !important;}&#8221;]Meine Arbeit ersetzt keinesfalls \u00e4rztliche, heilpraktische oder therapeutische Diagnosen und deren Behandlung, ist keine Grundlage f\u00fcr eigenst\u00e4ndige Diagnosen und beinhaltet keine Heilversprechen! Bei bestehenden oder akuten Erkrankungen empfehle ich Dir den Arzt, Heilpraktiker oder Therapeuten Deines Vertrauens zu konsultieren und ggf. R\u00fccksprache zu halten.<\/p>\n<p>Ich stelle keine Diagnosen und gebe keine Heilversprechen!<\/p>\n<p>Mein Angebot dient der Selbsthilfe und damit der Reaktivierung und St\u00e4rkung Deiner Selbstheilungskr\u00e4fte sowie der Verbesserung Deiner Lebensqualit\u00e4t. Es richtet sich an Personen die bewusster sein und so ihr Potenzial entfalten wollen.<\/p>\n<p>Jede Person \u00fcbernimmt die volle Verantwortung f\u00fcr den Umgang mit den ihr \u00fcberlassenen Informationen.<\/p>\n<p>Ich bin weder direkt, noch indirekt f\u00fcr unerw\u00fcnschte Reaktionen haftbar, die durch die eigenst\u00e4ndige Anwendung der \u00fcberlassenen Informationen entstehen.[\/vc_column_text][\/vc_column][vc_column width=&#8221;1\/6&#8243;][\/vc_column][\/vc_row]<\/p>\n","protected":false},"excerpt":{"rendered":"<p>[vc_row][vc_column width=&#8221;1\/6&#8243;][\/vc_column][vc_column width=&#8221;2\/3&#8243;][vc_column_text] Leistungen Jetzt hier auf der Erde inkarniert zu sein ist eine Leistung an sich. Durch unsere Anwesenheit, unser Sein, unsere Gedanken, Gef\u00fchle und Handlungen tragen wir unseren Teil zur Energie auf der Erde und damit auch des Universums bei. Es ist somit im wahrsten Sinne des Wortes unser Beitrag. Und das, was&hellip;<\/p>\n","protected":false},"author":1,"featured_media":0,"parent":0,"menu_order":0,"comment_status":"closed","ping_status":"closed","template":"","meta":[],"_links":{"self":[{"href":"https:\/\/emf-mediation.de\/1552820241838\/wp-json\/wp\/v2\/pages\/6"}],"collection":[{"href":"https:\/\/emf-mediation.de\/1552820241838\/wp-json\/wp\/v2\/pages"}],"about":[{"href":"https:\/\/emf-mediation.de\/1552820241838\/wp-json\/wp\/v2\/types\/page"}],"author":[{"embeddable":true,"href":"https:\/\/emf-mediation.de\/1552820241838\/wp-json\/wp\/v2\/users\/1"}],"replies":[{"embeddable":true,"href":"https:\/\/emf-mediation.de\/1552820241838\/wp-json\/wp\/v2\/comments?post=6"}],"version-history":[{"count":77,"href":"https:\/\/emf-mediation.de\/1552820241838\/wp-json\/wp\/v2\/pages\/6\/revisions"}],"predecessor-version":[{"id":928,"href":"https:\/\/emf-mediation.de\/1552820241838\/wp-json\/wp\/v2\/pages\/6\/revisions\/928"}],"wp:attachment":[{"href":"https:\/\/emf-mediation.de\/1552820241838\/wp-json\/wp\/v2\/media?parent=6"}],"curies":[{"name":"wp","href":"https:\/\/api.w.org\/{rel}","templated":true}]}}