{"id":76,"date":"2021-03-22T12:15:57","date_gmt":"2021-03-22T12:15:57","guid":{"rendered":"http:\/\/emf-mediation.de\/1552820241838\/?page_id=76"},"modified":"2022-01-16T18:25:58","modified_gmt":"2022-01-16T17:25:58","slug":"referenzen","status":"publish","type":"page","link":"https:\/\/emf-mediation.de\/1552820241838\/referenzen\/","title":{"rendered":"Referenzen"},"content":{"rendered":"<p>[vc_row][vc_column width=&#8221;1\/6&#8243;][\/vc_column][vc_column width=&#8221;2\/3&#8243;][vc_column_text]<\/p>\n<h1><strong>Referenzen<\/strong><\/h1>\n<p><!-- \/wp:paragraph -->[\/vc_column_text][vc_column_text css=&#8221;.vc_custom_1621978385253{margin-bottom: 1em !important;padding-top: 1em !important;padding-right: 1em !important;padding-bottom: 1em !important;padding-left: 1em !important;background-color: #f5e591 !important;border-radius: 3px !important;}&#8221;]&#8221;Eva kam nicht zuf\u00e4llig in mein Leben. Sie kam wie ein Engel vom Himmel, weil sie sp\u00fcrte, dass ich Hilfe brauche.<br \/>\nEva sp\u00fcrt genau, wie es mir gerade geht, in welcher Energie ich bin.<br \/>\nSie schafft es immer, das gerade Wesentliche f\u00fcr mich zu erfassen und das \u201eLicht in mir wieder anzuknipsen\u201c. Mit ihren Werkzeugen, das Sp\u00fcren und F\u00fchlen, das sehr aufmerksame Hinh\u00f6ren (meiner Worte) und Hinsehen (meiner K\u00f6rpersprache), spiegelt sie mir dann mit ihren Worten, ihren gezielten Fragen in einer Klarheit und Leichtigkeit, was ich gerade nicht erkenne und nicht sehe.<br \/>\nIch habe dadurch so viel mehr Bewusstsein und Klarheit f\u00fcr mich selbst bekommen.<br \/>\nSie zeigt mir den Weg, den ich gehen k\u00f6nnte und wenn ich mich daf\u00fcr entschieden habe, hat sich das bisher immer als positiv erwiesen.&#8221;<\/p>\n<p><em>(Anonym)<\/em>[\/vc_column_text][vc_column_text css=&#8221;.vc_custom_1621978408563{margin-bottom: 1em !important;padding-top: 1em !important;padding-right: 1em !important;padding-bottom: 1em !important;padding-left: 1em !important;background-color: #f5e591 !important;border-radius: 3px !important;}&#8221;]&#8221;Vor drei Jahren hat Eva mir bei einer schweren Lebenskrise geholfen. Ihre freundliche Pr\u00e4senz und ihre Zugewandtheit haben das Kreisen der Gedanken in meinem Kopf beruhigt. Ich f\u00fchlte mich bei ihr willkommen und Ernst genommen. Mit ihren Worten und ihrer Offenheit hat<span class=\"Apple-converted-space\">\u00a0 <\/span>Eva damals eine T\u00fcre in meinem Leben ge\u00f6ffnet: die T\u00fcr zu einem erf\u00fcllteren Leben, zu Zuversicht und zur Verbundenheit. Heute geht es mir besser als jemals zuvor und den ersten Schritt habe ich damals mit Evas Hilfe machen d\u00fcrfen. Danke von ganzem Herzen, liebe Eva!&#8221;<\/p>\n<p><em>Marc (47), Br\u00fchl, 12\/2020<\/em>[\/vc_column_text][vc_column_text css=&#8221;.vc_custom_1625208045387{margin-bottom: 1em !important;padding-top: 1em !important;padding-right: 1em !important;padding-bottom: 1em !important;padding-left: 1em !important;background-color: #f5e591 !important;border-radius: 3px !important;}&#8221;]&#8221;Liebe Eva, Ich muss zugeben, dass ich zu Beginn unserer Zusammenarbeit eher etwas skeptisch war und auch nicht so wirklich an das geglaubt habe, was Du mir teilweise \u00fcber mich und meine Pferde erz\u00e4hlt hast. Diese Zweifel konnte ich sehr schnell ablegen, nachdem ich mich ein bisschen auf alles eingelassen habe. Es gab unheimlich viele Moment, wo ich auf Dich geh\u00f6rt habe und es funktioniert hat. Unabh\u00e4ngig davon konnte ich mit niemandem so gut \u00fcber alles M\u00f6gliche reden, wie mit Dir. Du standest mir in jeder Lebenslage mit Rat und Tat zur Seite. Dadurch bist Du eine sehr wichtige St\u00fctze f\u00fcr mich geworden. Weil ich mich immer auf Dich verlassen konnte. Liebe Gr\u00fc\u00dfe Gerrit&#8221;<\/p>\n<p><em>Gerrit Nieberg, M\u00fcnster, 05\/2020<br \/>\n<\/em>[\/vc_column_text][vc_separator color=&#8221;custom&#8221; border_width=&#8221;2&#8243; accent_color=&#8221;#e36df2&#8243;]<style type=\"text\/css\" data-type=\"the7_shortcodes-inline-css\">.icon-with-text-shortcode.icon-text-id-672a1403e78c14f1e93310667ab5cafa .text-icon {\n  width: 70px;\n  height: 70px;\n  line-height: 70px;\n  font-size: 50px;\n  border-radius: 200px;\n  margin: 0px 20px 0px 0px;\n}\n.icon-with-text-shortcode.icon-text-id-672a1403e78c14f1e93310667ab5cafa .text-icon .icon-inner {\n  min-width: 70px;\n  min-height: 70px;\n  border-radius: 200px;\n}\n@media all and (-ms-high-contrast: none) {\n  .icon-with-text-shortcode.icon-text-id-672a1403e78c14f1e93310667ab5cafa .text-icon .icon-inner {\n    height: 70px;\n  }\n}\n.icon-with-text-shortcode.icon-text-id-672a1403e78c14f1e93310667ab5cafa .text-icon .dt-hover-icon {\n  line-height: 70px;\n}\n.icon-with-text-shortcode.icon-text-id-672a1403e78c14f1e93310667ab5cafa .text-icon:before,\n.icon-with-text-shortcode.icon-text-id-672a1403e78c14f1e93310667ab5cafa .text-icon:after,\n.icon-with-text-shortcode.icon-text-id-672a1403e78c14f1e93310667ab5cafa .text-icon .icon-inner:before,\n.icon-with-text-shortcode.icon-text-id-672a1403e78c14f1e93310667ab5cafa .text-icon .icon-inner:after {\n  min-width: 100%;\n  min-height: 100%;\n  padding: inherit;\n  border-radius: inherit;\n}\n#page .icon-with-text-shortcode.icon-text-id-672a1403e78c14f1e93310667ab5cafa .text-icon.dt-icon-bg-on .icon-inner:before,\n#phantom .icon-with-text-shortcode.icon-text-id-672a1403e78c14f1e93310667ab5cafa .text-icon.dt-icon-bg-on .icon-inner:before {\n  background: #e36df2;\n}\n.icon-with-text-shortcode.icon-text-id-672a1403e78c14f1e93310667ab5cafa .text-icon.dt-icon-border-on:before {\n  border-width: 2px;\n  border-style: solid;\n}\n.dt-icon-border-dashed.icon-with-text-shortcode.icon-text-id-672a1403e78c14f1e93310667ab5cafa .text-icon.dt-icon-border-on:before {\n  border-style: dashed;\n}\n.dt-icon-border-dotted.icon-with-text-shortcode.icon-text-id-672a1403e78c14f1e93310667ab5cafa .text-icon.dt-icon-border-on:before {\n  border-style: dotted;\n}\n.dt-icon-border-double.icon-with-text-shortcode.icon-text-id-672a1403e78c14f1e93310667ab5cafa .text-icon.dt-icon-border-on:before {\n  border-style: double;\n}\n.icon-with-text-shortcode.icon-text-id-672a1403e78c14f1e93310667ab5cafa .text-icon.dt-icon-border-dashed.dt-icon-border-on:before {\n  border-style: dashed;\n}\n.icon-with-text-shortcode.icon-text-id-672a1403e78c14f1e93310667ab5cafa .text-icon.dt-icon-border-dotted.dt-icon-border-on:before {\n  border-style: dotted;\n}\n.icon-with-text-shortcode.icon-text-id-672a1403e78c14f1e93310667ab5cafa .text-icon.dt-icon-border-double.dt-icon-border-on:before {\n  border-style: double;\n}\n.icon-with-text-shortcode.icon-text-id-672a1403e78c14f1e93310667ab5cafa .text-icon.dt-icon-hover-border-on:after {\n  border-width: 2px;\n  border-style: solid;\n}\n.icon-with-text-shortcode.icon-text-id-672a1403e78c14f1e93310667ab5cafa .text-icon.dt-icon-border-dashed.dt-icon-hover-border-on:after {\n  border-style: dashed;\n}\n.icon-with-text-shortcode.icon-text-id-672a1403e78c14f1e93310667ab5cafa .text-icon.dt-icon-border-dotted.dt-icon-hover-border-on:after {\n  border-style: dotted;\n}\n.icon-with-text-shortcode.icon-text-id-672a1403e78c14f1e93310667ab5cafa .text-icon.dt-icon-border-double.dt-icon-hover-border-on:after {\n  border-style: double;\n}\n.icon-with-text-shortcode.icon-text-id-672a1403e78c14f1e93310667ab5cafa .text-icon.dt-icon-hover-on:hover {\n  font-size: 50px;\n}\n#page .icon-with-text-shortcode.icon-text-id-672a1403e78c14f1e93310667ab5cafa .text-icon.dt-icon-hover-on:hover .soc-font-icon,\n#phantom .icon-with-text-shortcode.icon-text-id-672a1403e78c14f1e93310667ab5cafa .text-icon.dt-icon-hover-on:hover .soc-font-icon,\n#page .icon-with-text-shortcode.icon-text-id-672a1403e78c14f1e93310667ab5cafa .text-icon.dt-icon-hover-on:hover .soc-icon,\n#phantom .icon-with-text-shortcode.icon-text-id-672a1403e78c14f1e93310667ab5cafa .text-icon.dt-icon-hover-on:hover .soc-icon {\n  color: #fff;\n  background: none;\n}\n#page .icon-with-text-shortcode.icon-text-id-672a1403e78c14f1e93310667ab5cafa .text-icon.dt-icon-hover-on:not(:hover) .soc-font-icon,\n#phantom .icon-with-text-shortcode.icon-text-id-672a1403e78c14f1e93310667ab5cafa .text-icon.dt-icon-hover-on:not(:hover) .soc-font-icon,\n#page .icon-with-text-shortcode.icon-text-id-672a1403e78c14f1e93310667ab5cafa .text-icon.dt-icon-hover-on:not(:hover) .soc-icon,\n#phantom .icon-with-text-shortcode.icon-text-id-672a1403e78c14f1e93310667ab5cafa .text-icon.dt-icon-hover-on:not(:hover) .soc-icon,\n#page .icon-with-text-shortcode.icon-text-id-672a1403e78c14f1e93310667ab5cafa .text-icon.dt-icon-hover-off .soc-font-icon,\n#phantom .icon-with-text-shortcode.icon-text-id-672a1403e78c14f1e93310667ab5cafa .text-icon.dt-icon-hover-off .soc-font-icon,\n#page .icon-with-text-shortcode.icon-text-id-672a1403e78c14f1e93310667ab5cafa .text-icon.dt-icon-hover-off .soc-icon,\n#phantom .icon-with-text-shortcode.icon-text-id-672a1403e78c14f1e93310667ab5cafa .text-icon.dt-icon-hover-off .soc-icon {\n  color: #ffffff;\n  background: none;\n}\n.icon-with-text-shortcode.icon-text-id-672a1403e78c14f1e93310667ab5cafa.layout-1 {\n  grid-template-columns: 70px minmax(0,1fr);\n  grid-column-gap: 20px;\n}\n.icon-with-text-shortcode.icon-text-id-672a1403e78c14f1e93310667ab5cafa.layout-2 {\n  grid-template-columns: minmax(0,1fr) 70px;\n  grid-column-gap: 0px;\n}\n.icon-with-text-shortcode.icon-text-id-672a1403e78c14f1e93310667ab5cafa.layout-2 .text-icon {\n  margin-left: 0;\n}\n.icon-with-text-shortcode.icon-text-id-672a1403e78c14f1e93310667ab5cafa.layout-3 {\n  grid-template-columns: 70px minmax(0,1fr);\n}\n.icon-with-text-shortcode.icon-text-id-672a1403e78c14f1e93310667ab5cafa.layout-3 .dt-text-title {\n  margin-left: 20px;\n}\n.icon-with-text-shortcode.icon-text-id-672a1403e78c14f1e93310667ab5cafa .dt-text-title,\n.icon-with-text-shortcode.icon-text-id-672a1403e78c14f1e93310667ab5cafa .dt-text-title a {\n  color: #0057c2;\n  background: none;\n  font-weight: bold;\n}\n.icon-with-text-shortcode.icon-text-id-672a1403e78c14f1e93310667ab5cafa .dt-text-title {\n  margin-bottom: 0px;\n}\n.icon-with-text-shortcode.icon-text-id-672a1403e78c14f1e93310667ab5cafa .dt-text-desc {\n  color: #0057c2;\n  background: none;\n  margin-bottom: 0px;\n}\n.icon-with-text-shortcode.icon-text-id-672a1403e78c14f1e93310667ab5cafa .default-btn-shortcode * {\n  vertical-align: middle;\n}\n<\/style><div class=\"icon-with-text-shortcode  icon-text-id-672a1403e78c14f1e93310667ab5cafa layout-1  vc_custom_1621978122719 \" ><span   class=\"text-icon dt-icon-bg-on dt-icon-hover-off\" ><span class=\"icon-inner\"><i class=\"dt-regular-icon soc-icon Defaults-star-o\"><\/i><i class=\"dt-hover-icon soc-icon Defaults-star-o\"><\/i><\/span><\/span><h4 class=\"dt-text-title\"  >Deine Referenz<\/h4><div class=\"dt-text-desc\">Du hast auch bereits Erfahrungen mit mir gemacht und m\u00f6chtest gerne andere daran teilhaben lassen?<br \/>\nIch freue mich sehr, wenn Du mir eine Mail mit Deiner ganz pers\u00f6nlichen Referenz, vielleicht sogar mit einem lichtvollen Bild, zukommen l\u00e4sst.<\/div><\/div>[\/vc_column][vc_column width=&#8221;1\/6&#8243; css=&#8221;.vc_custom_1618058775504{padding-top: 10px !important;padding-bottom: 10px !important;}&#8221;][\/vc_column][\/vc_row]<\/p>\n","protected":false},"excerpt":{"rendered":"<p>[vc_row][vc_column width=&#8221;1\/6&#8243;][\/vc_column][vc_column width=&#8221;2\/3&#8243;][vc_column_text] Referenzen [\/vc_column_text][vc_column_text css=&#8221;.vc_custom_1621978385253{margin-bottom: 1em !important;padding-top: 1em !important;padding-right: 1em !important;padding-bottom: 1em !important;padding-left: 1em !important;background-color: #f5e591 !important;border-radius: 3px !important;}&#8221;]&#8221;Eva kam nicht zuf\u00e4llig in mein Leben. Sie kam wie ein Engel vom Himmel, weil sie sp\u00fcrte, dass ich Hilfe brauche. Eva sp\u00fcrt genau, wie es mir gerade geht, in welcher Energie ich bin. Sie schafft&hellip;<\/p>\n","protected":false},"author":1,"featured_media":0,"parent":0,"menu_order":0,"comment_status":"closed","ping_status":"closed","template":"","meta":[],"_links":{"self":[{"href":"https:\/\/emf-mediation.de\/1552820241838\/wp-json\/wp\/v2\/pages\/76"}],"collection":[{"href":"https:\/\/emf-mediation.de\/1552820241838\/wp-json\/wp\/v2\/pages"}],"about":[{"href":"https:\/\/emf-mediation.de\/1552820241838\/wp-json\/wp\/v2\/types\/page"}],"author":[{"embeddable":true,"href":"https:\/\/emf-mediation.de\/1552820241838\/wp-json\/wp\/v2\/users\/1"}],"replies":[{"embeddable":true,"href":"https:\/\/emf-mediation.de\/1552820241838\/wp-json\/wp\/v2\/comments?post=76"}],"version-history":[{"count":38,"href":"https:\/\/emf-mediation.de\/1552820241838\/wp-json\/wp\/v2\/pages\/76\/revisions"}],"predecessor-version":[{"id":890,"href":"https:\/\/emf-mediation.de\/1552820241838\/wp-json\/wp\/v2\/pages\/76\/revisions\/890"}],"wp:attachment":[{"href":"https:\/\/emf-mediation.de\/1552820241838\/wp-json\/wp\/v2\/media?parent=76"}],"curies":[{"name":"wp","href":"https:\/\/api.w.org\/{rel}","templated":true}]}}