{"id":78,"date":"2021-03-22T12:16:29","date_gmt":"2021-03-22T12:16:29","guid":{"rendered":"http:\/\/emf-mediation.de\/1552820241838\/?page_id=78"},"modified":"2022-01-16T18:10:07","modified_gmt":"2022-01-16T17:10:07","slug":"visionen","status":"publish","type":"page","link":"https:\/\/emf-mediation.de\/1552820241838\/visionen\/","title":{"rendered":"Visionen"},"content":{"rendered":"<p>[vc_row][vc_column width=&#8221;1\/6&#8243; css=&#8221;.vc_custom_1617582974722{padding-top: 0px !important;padding-bottom: 0px !important;}&#8221;][\/vc_column][vc_column width=&#8221;2\/3&#8243;][vc_column_text]<\/p>\n<h1>Visionen<\/h1>\n<p>Mein derzeitiger physischer K\u00f6rper ist Baujahr 1973 und im Laufe der Jahre habe ich viele Puzzelteile gesammelt, indem ich auf meine Eingebungen und Inspirationen achte.<\/p>\n<p>Und wenn ich dann reflektiere, tauchen diese Puzzelteile immer mal wieder auf.<\/p>\n<p>Hier befinden sich einige dieser Puzzelteile, die teilweise wie eigenst\u00e4ndige Puzzel aussehen und doch irgendwie (meiner Wahrnehmung nach) ein Teil etwas Gr\u00f6\u00dferen sind.<\/p>\n<p>Teilweise sind die Puzzelteile auch noch nicht richtig zusammen gesetzt und sicherlich fehlen noch einige Teile, damit das Ganze eine runde Sache wird.<\/p>\n<p>Aber ich arbeite weiter daran und bin f\u00fcr Hinweise, Inspirationen etc. durchaus offen \ud83d\ude42<\/p>\n<p>Herzliche Willkommen im Leben &#8230; denn das Leben darf spielerisch, mit Freude und Leichtigkeit gelebt werden.<\/p>\n<p>Ihre Eva Michaela Foerster[\/vc_column_text][\/vc_column][vc_column width=&#8221;1\/6&#8243; css=&#8221;.vc_custom_1623958587971{padding-top: 1em !important;background-color: #f5d530 !important;border-radius: 5px !important;}&#8221;][vc_wp_custommenu nav_menu=&#8221;5&#8243; el_class=&#8221;emf_sidemenu&#8221;][\/vc_column][\/vc_row][vc_row][vc_column][vc_single_image image=&#8221;734&#8243; img_size=&#8221;full&#8221; alignment=&#8221;center&#8221; css=&#8221;.vc_custom_1624478517348{margin-top: 5px !important;margin-bottom: 5px !important;}&#8221;][\/vc_column][\/vc_row]<\/p>\n","protected":false},"excerpt":{"rendered":"<p>[vc_row][vc_column width=&#8221;1\/6&#8243; css=&#8221;.vc_custom_1617582974722{padding-top: 0px !important;padding-bottom: 0px !important;}&#8221;][\/vc_column][vc_column width=&#8221;2\/3&#8243;][vc_column_text] Visionen Mein derzeitiger physischer K\u00f6rper ist Baujahr 1973 und im Laufe der Jahre habe ich viele Puzzelteile gesammelt, indem ich auf meine Eingebungen und Inspirationen achte. Und wenn ich dann reflektiere, tauchen diese Puzzelteile immer mal wieder auf. Hier befinden sich einige dieser Puzzelteile, die teilweise wie&hellip;<\/p>\n","protected":false},"author":1,"featured_media":0,"parent":0,"menu_order":0,"comment_status":"closed","ping_status":"closed","template":"","meta":[],"_links":{"self":[{"href":"https:\/\/emf-mediation.de\/1552820241838\/wp-json\/wp\/v2\/pages\/78"}],"collection":[{"href":"https:\/\/emf-mediation.de\/1552820241838\/wp-json\/wp\/v2\/pages"}],"about":[{"href":"https:\/\/emf-mediation.de\/1552820241838\/wp-json\/wp\/v2\/types\/page"}],"author":[{"embeddable":true,"href":"https:\/\/emf-mediation.de\/1552820241838\/wp-json\/wp\/v2\/users\/1"}],"replies":[{"embeddable":true,"href":"https:\/\/emf-mediation.de\/1552820241838\/wp-json\/wp\/v2\/comments?post=78"}],"version-history":[{"count":10,"href":"https:\/\/emf-mediation.de\/1552820241838\/wp-json\/wp\/v2\/pages\/78\/revisions"}],"predecessor-version":[{"id":769,"href":"https:\/\/emf-mediation.de\/1552820241838\/wp-json\/wp\/v2\/pages\/78\/revisions\/769"}],"wp:attachment":[{"href":"https:\/\/emf-mediation.de\/1552820241838\/wp-json\/wp\/v2\/media?parent=78"}],"curies":[{"name":"wp","href":"https:\/\/api.w.org\/{rel}","templated":true}]}}