{"id":81,"date":"2021-03-22T12:26:37","date_gmt":"2021-03-22T12:26:37","guid":{"rendered":"http:\/\/emf-mediation.de\/1552820241838\/?page_id=81"},"modified":"2021-09-07T20:43:22","modified_gmt":"2021-09-07T18:43:22","slug":"impressum","status":"publish","type":"page","link":"https:\/\/emf-mediation.de\/1552820241838\/impressum\/","title":{"rendered":"Impressum"},"content":{"rendered":"<p>[vc_row][vc_column width=&#8221;1\/6&#8243;][\/vc_column][vc_column width=&#8221;2\/3&#8243; css=&#8221;.vc_custom_1621965850917{margin-bottom: 20px !important;}&#8221;][vc_column_text]<\/p>\n<h1>Impressum<\/h1>\n<p>Inhaltlich Verantwortliche f\u00fcr diese Website gem\u00e4\u00df \u00a7 55 Abs. 2 RStV:<\/p>\n<p>Eva Michaela Foerster<br \/>\nK\u00f6nigsplatz 2<br \/>\n53173 Bonn,\u00a0Deutschland<\/p>\n<p>E-Mail: webmaster@emf-mediation.de<br \/>\nTelefon: +49 157 33879527<\/p>\n<p>[\/vc_column_text][vc_column_text]<\/p>\n<h2>Rechtliche Hinweise<\/h2>\n<p>Die Inhalte meiner Seiten wurden mit gr\u00f6\u00dfter Sorgfalt erstellt. F\u00fcr die Richtigkeit, Vollst\u00e4ndigkeit und Aktualit\u00e4t der Inhalte kann ich jedoch keine Gew\u00e4hr \u00fcbernehmen.<span class=\"Apple-converted-space\">\u00a0<\/span><\/p>\n<p>Als Diensteanbieter bin ich gem\u00e4\u00df \u00a7 7 Abs.1 TMG f\u00fcr eigene Inhalte auf diesen Seiten nach den allgemeinen Gesetzen verantwortlich.<\/p>\n<p>Nach \u00a7\u00a7 8 bis 10 TMG bin ich als Diensteanbieter jedoch nicht verpflichtet, \u00fcbermittelte oder gespeicherte fremde Informationen zu \u00fcberwachen oder nach Umst\u00e4nden zu forschen, die auf eine rechtswidrige T\u00e4tigkeit hinweisen. Verpflichtungen zur Entfernung oder Sperrung der Nutzung von Informationen nach den allgemeinen Gesetzen bleiben hiervon unber\u00fchrt. Eine diesbez\u00fcgliche Haftung ist jedoch erst ab dem Zeitpunkt der Kenntnis einer\u00a0konkreten Rechtsverletzung m\u00f6glich. Bei bekannt werden von entsprechenden Rechtsverletzungen, werde ich diese Inhalte umgehend entfernen.<\/p>\n<p>Meine Website enth\u00e4lt Links zu externen Websites Dritter, auf deren Inhalte ich keinen Einfluss habe. F\u00fcr die Inhalte der verlinkten Seiten ist stets der jeweilige Anbieter oder Betreiber der Seiten verantwortlich. F\u00fcr die Inhalte und die Richtigkeit der Informationen verlinkter Websites fremder Informationsanbieter wird keine Gew\u00e4hr \u00fcbernommen.<\/p>\n<p>Die verlinkten Seiten wurden zum Zeitpunkt der Verlinkung auf m\u00f6gliche Rechtsverst\u00f6\u00dfe OHNE BEANSTANDUNG \u00fcberpr\u00fcft. Bei bekannt werden von Rechtsverletzungen werde ich derartige Links umgehend entfernen.<\/p>\n<p>Die durch mich erstellten Inhalte und Werke auf diesen Seiten unterliegen dem deutschen Urheberrecht. Alle Rechte an Texten, Abbildungen, Audio\/Video-Dateien und s\u00e4mtlichen weiteren ver\u00f6ffentlichten Informationen behalte ich mir vor. Die Reproduktion, Verarbeitung, Vervielf\u00e4ltigung, Bearbeitung, Verbreitung und jede Art der Verwertung bed\u00fcrfen meiner vorherigen schriftlichen Zustimmung.[\/vc_column_text][vc_column_text]<\/p>\n<h2>Haftungsauschluss<\/h2>\n<p>Die Inhalte von www.emf-mediation.de sowie www.emf-mediation.com sind ausschliesslich zu Informationszwecken bestimmt.<\/p>\n<p><strong>Die Inhalte auf www.emf-mediation.de sowie www.emf-mediation.com sind keine Grundlage f\u00fcr eigenst\u00e4ndige Diagnosen und beinhalten keine Heilversprechen!<span class=\"Apple-converted-space\">\u00a0<\/span><\/strong><\/p>\n<p>Meine Arbeit ersetzt keinesfalls \u00e4rztliche oder heilpraktische Diagnosen und deren Behandlung.<\/p>\n<p>Bei bestehenden oder akuten Erkrankungen empfehle ich Dir den Arzt, Heilpraktiker oder Therapeuten Deines Vertrauens zu konsultieren und ggf. R\u00fccksprache zu halten.<\/p>\n<p>Mein Angebot dient der Selbsthilfe und damit der Reaktivierung und St\u00e4rkung Deiner Selbstheilungskr\u00e4fte sowie der Verbesserung Deiner Lebensqualit\u00e4t. Es richtet sich an Personen die bewusster sein und so ihr Potenzial entfalten wollen.<\/p>\n<p>Jede Person \u00fcbernimmt die volle Verantwortung f\u00fcr den Umgang mit den ihr \u00fcberlassenen Informationen. Ich bin weder direkt, noch indirekt f\u00fcr unerw\u00fcnschte Reaktionen haftbar, die durch die eigenst\u00e4ndige Anwendung der \u00fcberlassenen Informationen entstehen.[\/vc_column_text][\/vc_column][vc_column width=&#8221;1\/6&#8243; css=&#8221;.vc_custom_1621965518344{padding-top: 10px !important;padding-bottom: 10px !important;}&#8221;][\/vc_column][\/vc_row]<\/p>\n","protected":false},"excerpt":{"rendered":"<p>[vc_row][vc_column width=&#8221;1\/6&#8243;][\/vc_column][vc_column width=&#8221;2\/3&#8243; css=&#8221;.vc_custom_1621965850917{margin-bottom: 20px !important;}&#8221;][vc_column_text] Impressum Inhaltlich Verantwortliche f\u00fcr diese Website gem\u00e4\u00df \u00a7 55 Abs. 2 RStV: Eva Michaela Foerster K\u00f6nigsplatz 2 53173 Bonn,\u00a0Deutschland E-Mail: webmaster@emf-mediation.de Telefon: +49 157 33879527 [\/vc_column_text][vc_column_text] Rechtliche Hinweise Die Inhalte meiner Seiten wurden mit gr\u00f6\u00dfter Sorgfalt erstellt. F\u00fcr die Richtigkeit, Vollst\u00e4ndigkeit und Aktualit\u00e4t der Inhalte kann ich jedoch keine&hellip;<\/p>\n","protected":false},"author":1,"featured_media":0,"parent":0,"menu_order":0,"comment_status":"closed","ping_status":"closed","template":"","meta":[],"_links":{"self":[{"href":"https:\/\/emf-mediation.de\/1552820241838\/wp-json\/wp\/v2\/pages\/81"}],"collection":[{"href":"https:\/\/emf-mediation.de\/1552820241838\/wp-json\/wp\/v2\/pages"}],"about":[{"href":"https:\/\/emf-mediation.de\/1552820241838\/wp-json\/wp\/v2\/types\/page"}],"author":[{"embeddable":true,"href":"https:\/\/emf-mediation.de\/1552820241838\/wp-json\/wp\/v2\/users\/1"}],"replies":[{"embeddable":true,"href":"https:\/\/emf-mediation.de\/1552820241838\/wp-json\/wp\/v2\/comments?post=81"}],"version-history":[{"count":17,"href":"https:\/\/emf-mediation.de\/1552820241838\/wp-json\/wp\/v2\/pages\/81\/revisions"}],"predecessor-version":[{"id":592,"href":"https:\/\/emf-mediation.de\/1552820241838\/wp-json\/wp\/v2\/pages\/81\/revisions\/592"}],"wp:attachment":[{"href":"https:\/\/emf-mediation.de\/1552820241838\/wp-json\/wp\/v2\/media?parent=81"}],"curies":[{"name":"wp","href":"https:\/\/api.w.org\/{rel}","templated":true}]}}