{"id":84,"date":"2021-03-22T12:27:21","date_gmt":"2021-03-22T12:27:21","guid":{"rendered":"http:\/\/emf-mediation.de\/1552820241838\/?page_id=84"},"modified":"2021-09-10T20:29:14","modified_gmt":"2021-09-10T18:29:14","slug":"datenschutzerklaerung","status":"publish","type":"page","link":"https:\/\/emf-mediation.de\/1552820241838\/datenschutzerklaerung\/","title":{"rendered":"Datenschutzerkl\u00e4rung"},"content":{"rendered":"<p>[vc_row][vc_column width=&#8221;1\/6&#8243;][\/vc_column][vc_column width=&#8221;2\/3&#8243;][vc_column_text]<\/p>\n<h1>Datenschutzerkl\u00e4rung<\/h1>\n<p>Ich freue mich \u00fcber Deinen Besuch auf meiner Website. Datenschutz und Datensicherheit sind mir sehr wichtig. Ich m\u00f6chte Dich daher an dieser Stelle dar\u00fcber informieren, welche Deiner personenbezogenen Daten bei Deinem Besuch auf meiner Website erfasst und f\u00fcr welche Zwecke sie genutzt werden.<\/p>\n<p>Da Gesetzes\u00e4nderungen oder \u00c4nderungen an meiner Website eine Anpassung dieser Datenschutzerkl\u00e4rung erforderlich machen k\u00f6nnen, bitte ich Dich, diese Erkl\u00e4rung regelm\u00e4\u00dfig durchzulesen. Sie kann jederzeit in der Fu\u00dfzeile meiner Website abgerufen werden.[\/vc_column_text][vc_column_text]<\/p>\n<h2><b>\u00a7 1 Verantwortlicher und Geltungsbereich<\/b><\/h2>\n<p>Der Verantwortliche im Sinne der EU-Datenschutzgrundverordnung (im Folgenden: DSGVO) und anderer nationaler Datenschutzgesetze der Mitgliedsstaaten sowie sonstiger datenschutzrechtlicher Bestimmungen ist:<\/p>\n<p>Eva Michaela Foerster<br \/>\nK\u00f6nigsplatz 2<br \/>\n53173 Bonn<br \/>\nDeutschland<br \/>\nE-Mail: webmaster@emf-mediation.de<br \/>\nTelefon: +49 157 33879527<\/p>\n<p>Diese Datenschutzerkl\u00e4rung gilt f\u00fcr die Website <a href=\"http:\/\/emf-mediation.de\">emf-mediation.de<\/a>.[\/vc_column_text][vc_column_text]<\/p>\n<h2><b>\u00a7 2 Ansprechpartner f\u00fcr Datenschutz<\/b><\/h2>\n<p>Ansprechpartner bei Fragen zum Datenschutz ist:<\/p>\n<p>Eva Michaela Foerster<br \/>\nK\u00f6nigsplatz 2<br \/>\n53173 Bonn<br \/>\nDeutschland<br \/>\nE-Mail: webmaster@emf-mediation.de<br \/>\nTelefon: +49 157 33879527[\/vc_column_text][vc_column_text]<\/p>\n<h2><b>\u00a7 3 Grunds\u00e4tze der Datenverarbeitung<\/b><\/h2>\n<p>Personenbezogene Daten sind alle Informationen, die sich auf eine identifizierte oder identifizierbare nat\u00fcrliche Person beziehen. Hierzu geh\u00f6ren beispielsweise Informationen wie Dein Name, Dein Alter, Deine Anschrift, Deine Telefonnummer, Dein Geburtsdatum, Deine E-Mail-Adresse, Deine IP-Adresse oder Dein Nutzerverhalten. Informationen, bei denen ich keinen (oder nur mit einem unverh\u00e4ltnism\u00e4\u00dfigen Aufwand einen) Bezug zu Deiner Person herstellen kann, z. B. durch Anonymisierung der Informationen, sind keine personenbezogenen Daten.<span class=\"Apple-converted-space\">\u00a0<\/span><\/p>\n<p>Die Verarbeitung von personenbezogenen Daten (bspw. das Erheben, das Abfragen, die Verwendung, die Speicherung oder die \u00dcbermittlung) bedarf immer einer gesetzlichen Grundlage oder Deiner Einwilligung. Verarbeitete personenbezogene Daten werden gel\u00f6scht, sobald der Zweck der Verarbeitung erreicht wurde und keine gesetzlich vorgeschriebenen Aufbewahrungspflichten mehr zu wahren sind.<\/p>\n<p>Sofern ich f\u00fcr die Bereitstellung bestimmter Angebote Deine personenbezogenen Daten verarbeite, informiere ich Sie nachfolgend \u00fcber die konkreten Vorg\u00e4nge, den Umfang und den Zweck der Datenverarbeitung, die Rechtsgrundlage f\u00fcr die Verarbeitung und die jeweilige Speicherdauer.[\/vc_column_text][vc_column_text]<\/p>\n<h2><b>\u00a7 4 Verarbeitungsvorg\u00e4nge<\/b><\/h2>\n<h3>Zugriffsdaten &amp; Hosting<\/h3>\n<p>Du kannst meine Website besuchen, ohne Angaben zu Deiner Person zu machen. Bei jedem Aufruf einer Website speichert der Webserver lediglich automatisch ein sogenanntes Server-Logfile. In diesem werden tempor\u00e4r Daten gespeichert, die technisch erforderlich sind, um Dir meine Website anzuzeigen und die Stabilit\u00e4t und Sicherheit zu gew\u00e4hrleisten:<\/p>\n<ul>\n<li>anonymisierte IP-Adresse des anfragenden Rechners<\/li>\n<li>Datum und Uhrzeit des Zugriffs<\/li>\n<li>Name und URL der abgerufenen Datei<\/li>\n<li>Website, von der aus der Zugriff erfolgt<\/li>\n<li>verwendeter Browser und ggf. das Betriebssystem Deiner Rechners, sowie der Name Deines Access-Providers<\/li>\n<\/ul>\n<p>F\u00fcr die genannte Datenverarbeitung dient Art. 6 Abs. 1 lit. f DSGVO als Rechtsgrundlage. Die Verarbeitung der genannten Daten ist f\u00fcr die Bereitstellung einer Website erforderlich und dient damit der Wahrung eines berechtigten Interesses auf meiner Seite.<\/p>\n<p>Sobald die genannten Daten zur Anzeige der Website nicht mehr erforderlich sind, werden sie gel\u00f6scht. Die Erfassung der Daten zur Bereitstellung der Website und die Speicherung der Daten in Logfiles ist f\u00fcr den Betrieb der Internetseite zwingend erforderlich. Es besteht folglich Deinerseits keine Widerspruchsm\u00f6glichkeit. Eine weitergehende Speicherung kann im Einzelfall dann erfolgen, wenn dies gesetzlich vorgeschrieben ist.[\/vc_column_text][vc_column_text]<\/p>\n<h3>Kontaktaufnahme per E-Mail oder Telefon<\/h3>\n<p>Wenn Du per E-Mail oder telefonische Kontakt zu mir aufnimmst, erfasse ich folgende personenbezogenen Daten:<\/p>\n<ul>\n<li>Anrede<\/li>\n<li>Vor- und Nachname<\/li>\n<li>ggf. E-Mail-Adresse<\/li>\n<li>ggf. Postanschrift,<\/li>\n<li>ggf. Telefonnummer (Festnetz und\/oder Mobilfunk)<\/li>\n<\/ul>\n<p>Die Angaben dienen dabei dem Zweck, Deine Anfrage zu bearbeiten und zur weiteren Korrespondenz.<\/p>\n<p>Die Datenverarbeitung erfolgt nach Art. 6 Abs. 1 lit. b DSGVO auf vertraglicher bzw. vorvertraglicher Rechtsgrundlage.<\/p>\n<p>Die erhobenen personenbezogenen Daten werden bis zum Ablauf der gesetzlichen Aufbewahrungspflicht gespeichert und danach gel\u00f6scht.[\/vc_column_text][vc_column_text]<\/p>\n<h2><b>\u00a7 5 Weitergabe von Daten<\/b><\/h2>\n<p>Ich gebe keine Daten an Dritte weiter.<span class=\"Apple-converted-space\">\u00a0<\/span>[\/vc_column_text][vc_column_text]<\/p>\n<h2><b>\u00a7 6 Einsatz von Cookies<\/b><\/h2>\n<p>Auf meiner Website k\u00f6nnen Cookies zum Einsatz. Cookies sind kleine Dateien, die im Rahmen Deines Besuchs meiner Website an den Browser Deines Endger\u00e4ts gesendet und dort gespeichert werden. Einige Funktionen meiner Website k\u00f6nnen ohne den Einsatz technisch notwendiger Cookies nicht angeboten werden. Andere Cookies erm\u00f6glichen hingegen verschiedene Analysen. Cookies sind beispielsweise in der Lage, den von Dir verwendeten Browser bei einem erneuten Besuch meiner Website wiederzuerkennen und verschiedene Informationen zu \u00fcbermitteln. Mithilfe von Cookies kann ich unter anderem mein Internetangebot f\u00fcr Dich nutzerfreundlicher und effektiver gestalten, indem ich etwa Deine Nutzung meiner Website nachvollziehe. Sofern Dritte \u00fcber Cookies Informationen verarbeiten, erheben diese die Informationen direkt \u00fcber Deinen Browser. Cookies richten auf Deinem Endger\u00e4t keinen Schaden an. Sie k\u00f6nnen keine Programme ausf\u00fchren und keine Viren enthalten.<\/p>\n<p>Auf meiner Website werden verschiedene Arten von Cookies verwendet, deren Art und Funktion nachfolgend n\u00e4her erl\u00e4utert wird.<\/p>\n<p>Aufgrund der beschriebenen Verwendungszwecke liegt die Rechtsgrundlage f\u00fcr die Verarbeitung personenbezogener Daten unter Verwendung von Cookies in Art. 6 Abs. 1 lit. f DSGVO.<\/p>\n<p>Sobald die \u00fcber die Cookies an mich \u00fcbermittelten Daten f\u00fcr die Erreichung der oben beschriebenen Zwecke nicht mehr erforderlich sind, werden diese Informationen gel\u00f6scht. Eine weitergehende Speicherung kann im Einzelfall dann erfolgen, wenn dies gesetzlich vorgeschrieben ist.<\/p>\n<h3><b>Konfiguration der Cookie-Einstellungen<\/b><\/h3>\n<p>Beim ersten Aufruf meiner Website wird Dir ein Pop-Up-Fenster angezeigt, in dem Du die M\u00f6glichkeit, die Cookie-Einstellungen anzupassen. Du kannst alle Cookies akzeptieren oder einzelne, nicht funktionale Cookies, ablehnen und dies speichern.<\/p>\n<p>Diese Einstellungen werden gespeichert. Du kannst diese jederzeit anpassen, in dem Du auf den folgenden Link klickst: <a href=\"https:\/\/emf-mediation.de\/1552820241838\/cookie-richtlinie-eu\/\">Cookie-Richtlinie<\/a><\/p>\n<h3><b>Konfiguration der Browsereinstellungen<\/b><\/h3>\n<p>Die meisten Browser sind so voreingestellt, dass sie Cookies standardm\u00e4\u00dfig akzeptieren. Du kannst Deinen jeweiligen Browser jedoch so konfigurieren, dass er nur noch bestimmte oder auch gar keine Cookies mehr akzeptiert.<span class=\"Apple-converted-space\">\u00a0<\/span><\/p>\n<p>Bitte beachte, dass Du m\u00f6glicherweise nicht mehr alle Funktionen meiner Website nutzen kannst, wenn Cookies durch Deine Browsereinstellungen auf meiner Website deaktiviert werden. \u00dcber Deine Browsereinstellungen kannst Du auch bereits in Deinem Browser gespeicherte Cookies l\u00f6schen oder Dir die Speicherdauer anzeigen lassen. Weiterhin ist es m\u00f6glich, Deinen Browser so einzustellen, dass er Dich benachrichtigt, bevor Cookies gespeichert werden. Da sich die verschiedenen Browser in ihren jeweiligen Funktionsweisen unterscheiden k\u00f6nnen, bitte ich Dich, das jeweilige Hilfe-Men\u00fc Deines Browsers f\u00fcr die Konfigurationsm\u00f6glichkeiten in Anspruch zu nehmen.\u00a0Falls Du eine umfassende \u00dcbersicht aller Zugriffe Dritter auf Ihren Internetbrowser w\u00fcnschst, empfehlen ich Dir die Installation hierzu speziell entwickelter Plug-Ins.[\/vc_column_text][vc_column_text]<\/p>\n<h2><b>\u00a7 7 Tracking- und Analysetools<\/b><\/h2>\n<p>Ich nutze aktuell keine Tracking- und Analysetools.[\/vc_column_text][vc_column_text]<\/p>\n<h2><b>\u00a7 8 Hyperlinks<\/b><\/h2>\n<p>Auf meiner Website befinden sich sog. Hyperlinks zu Websites anderer Anbieter. Bei Aktivierung dieser Hyperlinks wirst Du direkt auf die Website der anderen Anbieter weitergeleitet. Du erkennst dies u. a. am Wechsel der URL. Ich kann keine Verantwortung f\u00fcr den vertraulichen Umgang Deiner Daten auf diesen Websites Dritter \u00fcbernehmen, da ich keinen Einfluss darauf habe, dass diese Unternehmen die Datenschutzbestimmungen einhalten. \u00dcber den Umgang mit Deinen personenbezogenen Daten durch diese Unternehmen informiere Dich bitte direkt auf diesen Websites.[\/vc_column_text][vc_column_text]<\/p>\n<h2><b>\u00a7 9 Widerspruchsrecht<\/b><\/h2>\n<p>Bei der Verarbeitung Deiner personenbezogenen Daten auf Grundlage berechtigter Interessen gem\u00e4\u00df Art. 6 Abs. 1 S. 1 lit. f DSGVO, hast Du das Recht, gem\u00e4\u00df Art. 21 DSGVO Widerspruch gegen die Verarbeitung Deiner personenbezogenen Daten einzulegen, soweit daf\u00fcr Gr\u00fcnde vorliegen, die sich aus Deiner besonderen Situation ergeben oder sich der Widerspruch gegen Direktwerbung richtet. Im Fall der Direktwerbung besteht f\u00fcr Dich ein generelles Widerspruchsrecht, das von mir ohne Angabe einer besonderen Situation umgesetzt wird.[\/vc_column_text][vc_column_text]<\/p>\n<h2><b>\u00a7 10 Datensicherheit und Sicherungsma\u00dfnahmen<\/b><\/h2>\n<p>Ich verpflichte mich, Deine Privatsph\u00e4re zu sch\u00fctzen und Deine personenbezogenen Daten vertraulich zu behandeln. Um eine Manipulation, einen Verlust oder einen Missbrauch Deiner bei mir gespeicherten Daten zu vermeiden, treffe ich umfangreiche technische und organisatorische Sicherheitsvorkehrungen, die regelm\u00e4\u00dfig \u00fcberpr\u00fcft und dem technologischen Fortschritt angepasst werden. Hierzu geh\u00f6rt unter anderem die Verwendung anerkannter Verschl\u00fcsselungsverfahren (SSL oder TLS).<\/p>\n<p>Ich weise Dich jedoch darauf hin, dass es aufgrund der Struktur des Internets m\u00f6glich ist, dass die Regeln des Datenschutzes und die o. g. Sicherungsma\u00dfnahmen von anderen, nicht innerhalb meines Verantwortungsbereichs liegenden Personen oder Institutionen nicht beachtet werden. Insbesondere k\u00f6nnen unverschl\u00fcsselt preisgegebene Daten \u2013 z. B. wenn dies per E-Mail erfolgt \u2013 von Dritten mitgelesen werden. Ich habe technisch hierauf keinen Einfluss. Es liegt in Deiner Verantwortung, die zur Verf\u00fcgung gestellten Daten durch Verschl\u00fcsselung oder in sonstiger Weise gegen Missbrauch zu sch\u00fctzen.[\/vc_column_text][vc_column_text]<em>Stand: August 2021<\/em>[\/vc_column_text][\/vc_column][vc_column width=&#8221;1\/6&#8243; css=&#8221;.vc_custom_1621979555077{padding-top: 10px !important;padding-bottom: 10px !important;}&#8221;][\/vc_column][\/vc_row]<\/p>\n","protected":false},"excerpt":{"rendered":"<p>[vc_row][vc_column width=&#8221;1\/6&#8243;][\/vc_column][vc_column width=&#8221;2\/3&#8243;][vc_column_text] Datenschutzerkl\u00e4rung Ich freue mich \u00fcber Deinen Besuch auf meiner Website. Datenschutz und Datensicherheit sind mir sehr wichtig. Ich m\u00f6chte Dich daher an dieser Stelle dar\u00fcber informieren, welche Deiner personenbezogenen Daten bei Deinem Besuch auf meiner Website erfasst und f\u00fcr welche Zwecke sie genutzt werden. Da Gesetzes\u00e4nderungen oder \u00c4nderungen an meiner Website eine&hellip;<\/p>\n","protected":false},"author":1,"featured_media":0,"parent":0,"menu_order":0,"comment_status":"closed","ping_status":"closed","template":"","meta":[],"_links":{"self":[{"href":"https:\/\/emf-mediation.de\/1552820241838\/wp-json\/wp\/v2\/pages\/84"}],"collection":[{"href":"https:\/\/emf-mediation.de\/1552820241838\/wp-json\/wp\/v2\/pages"}],"about":[{"href":"https:\/\/emf-mediation.de\/1552820241838\/wp-json\/wp\/v2\/types\/page"}],"author":[{"embeddable":true,"href":"https:\/\/emf-mediation.de\/1552820241838\/wp-json\/wp\/v2\/users\/1"}],"replies":[{"embeddable":true,"href":"https:\/\/emf-mediation.de\/1552820241838\/wp-json\/wp\/v2\/comments?post=84"}],"version-history":[{"count":5,"href":"https:\/\/emf-mediation.de\/1552820241838\/wp-json\/wp\/v2\/pages\/84\/revisions"}],"predecessor-version":[{"id":864,"href":"https:\/\/emf-mediation.de\/1552820241838\/wp-json\/wp\/v2\/pages\/84\/revisions\/864"}],"wp:attachment":[{"href":"https:\/\/emf-mediation.de\/1552820241838\/wp-json\/wp\/v2\/media?parent=84"}],"curies":[{"name":"wp","href":"https:\/\/api.w.org\/{rel}","templated":true}]}}